{"id":6807,"date":"2024-03-11T14:41:31","date_gmt":"2024-03-11T06:41:31","guid":{"rendered":"https:\/\/zipper-factory.com\/?post_type=product&#038;p=6807"},"modified":"2024-03-11T15:33:58","modified_gmt":"2024-03-11T07:33:58","slug":"metal-zipper-europe-type-top-stopper-machine","status":"publish","type":"product","link":"https:\/\/zipper-factory.com\/fr\/produit\/metal-zipper-europe-type-top-stopper-machine\/","title":{"rendered":"Machine \u00e0 fermeture \u00e0 glissi\u00e8re m\u00e9tallique de type U pour bouchon sup\u00e9rieur"},"content":{"rendered":"<div>\n<h2>Description<\/h2>\n<p>La machine d&#039;installation de but\u00e9es sup\u00e9rieures en U pour fermetures \u00e0 glissi\u00e8re m\u00e9talliques est une machine performante et de haute qualit\u00e9, con\u00e7ue pour l&#039;installation de but\u00e9es sup\u00e9rieures sur les fermetures \u00e0 glissi\u00e8re m\u00e9talliques. C&#039;est un outil essentiel pour les fabricants de v\u00eatements et de textiles qui exigent une installation pr\u00e9cise et fiable de but\u00e9es sup\u00e9rieures sur leurs fermetures \u00e0 glissi\u00e8re m\u00e9talliques.<\/p>\n<h2>Caract\u00e9ristiques<\/h2>\n<ul>\n<li>Facile \u00e0 utiliser : la machine est conviviale et peut \u00eatre utilis\u00e9e par des travailleurs qualifi\u00e9s et non qualifi\u00e9s.<\/li>\n<li>Installation de pr\u00e9cision : gr\u00e2ce \u00e0 sa technologie de pointe, la machine assure un placement pr\u00e9cis et coh\u00e9rent de la but\u00e9e sup\u00e9rieure sur chaque fermeture \u00e0 glissi\u00e8re m\u00e9tallique.<\/li>\n<li>Productivit\u00e9 \u00e9lev\u00e9e : la machine est con\u00e7ue pour un fonctionnement \u00e0 grande vitesse, permettant aux fabricants de respecter des d\u00e9lais de production serr\u00e9s.<\/li>\n<li>Durabilit\u00e9 : Construite avec des mat\u00e9riaux robustes, la machine est con\u00e7ue pour r\u00e9sister \u00e0 une utilisation continue dans un environnement de production exigeant.<\/li>\n<li>Polyvalence : La machine est compatible avec une large gamme de fermetures \u00e0 glissi\u00e8re m\u00e9talliques, ce qui la rend adapt\u00e9e \u00e0 diverses applications de v\u00eatements et de textiles.<\/li>\n<\/ul>\n<h2>Avantages<\/h2>\n<ul>\n<li>Efficacit\u00e9 am\u00e9lior\u00e9e : la machine rationalise le processus d&#039;installation du bouchon sup\u00e9rieur, r\u00e9duisant le travail manuel et augmentant la productivit\u00e9.<\/li>\n<li>Qualit\u00e9 constante : l&#039;installation pr\u00e9cise garantit que chaque fermeture \u00e0 glissi\u00e8re m\u00e9tallique r\u00e9pond aux normes souhait\u00e9es, ce qui se traduit par une plus grande satisfaction client.<\/li>\n<li>Rentable : en automatisant l\u2019installation du bouchon sup\u00e9rieur, les fabricants peuvent \u00e9conomiser sur les co\u00fbts de main-d\u2019\u0153uvre et minimiser les erreurs.<\/li>\n<li>Gain de temps : le fonctionnement \u00e0 grande vitesse de la machine permet une production plus rapide, permettant aux fabricants de r\u00e9pondre aux commandes dans les d\u00e9lais.<\/li>\n<\/ul>\n<h2>Conclusion<\/h2>\n<p>La machine d&#039;installation de but\u00e9es sup\u00e9rieures en U pour fermetures \u00e0 glissi\u00e8re m\u00e9talliques est un outil indispensable pour les fabricants de v\u00eatements et de textiles qui recherchent une installation efficace et pr\u00e9cise de but\u00e9es sup\u00e9rieures sur leurs fermetures \u00e0 glissi\u00e8re m\u00e9talliques. Gr\u00e2ce \u00e0 sa simplicit\u00e9 d&#039;utilisation, sa productivit\u00e9 \u00e9lev\u00e9e et sa construction robuste, cette machine offre de nombreux avantages, notamment une efficacit\u00e9 accrue, une qualit\u00e9 constante, des \u00e9conomies de co\u00fbts et un gain de temps consid\u00e9rable. Investissez dans cette machine pour optimiser votre processus de production et r\u00e9pondre aux exigences de vos clients.<\/p>\n<\/div>","protected":false},"excerpt":{"rendered":"<p title=\"Machine de fermeture \u00e0 glissi\u00e8re enti\u00e8rement automatique en m\u00e9tal, type europ\u00e9en, pour fermeture \u00e0 glissi\u00e8re \u00e0 particules, adapt\u00e9e aux fermetures \u00e0 glissi\u00e8re \u00e0 finition m\u00e9tallique\" data-spm-anchor-id=\"a2700.details.0.i57.38fe70e2zWL7bQ\">Machine de fermeture \u00e0 glissi\u00e8re enti\u00e8rement automatique en m\u00e9tal, type U, pour fermeture \u00e0 glissi\u00e8re \u00e0 particules, adapt\u00e9e aux fermetures \u00e0 glissi\u00e8re \u00e0 finition m\u00e9tallique<\/p>\n<p title=\"Machine de fermeture \u00e0 glissi\u00e8re enti\u00e8rement automatique en m\u00e9tal, type europ\u00e9en, pour fermeture \u00e0 glissi\u00e8re \u00e0 particules, adapt\u00e9e aux fermetures \u00e0 glissi\u00e8re \u00e0 finition m\u00e9tallique\" data-spm-anchor-id=\"a2700.details.0.i57.38fe70e2zWL7bQ\">La machine HJM-104MA est compatible avec une tension de 220 VCA et dispose d&#039;une puissance de 0,5 kW. Sa capacit\u00e9 horaire moyenne est de 2\u00a0800 pi\u00e8ces de 20 cm. Son poids net est de 120 kg et ses dimensions sont de 85 x 60 x 165 cm.<\/p>","protected":false},"featured_media":6823,"comment_status":"open","ping_status":"closed","template":"","meta":{"_seopress_robots_primary_cat":"none","_seopress_titles_title":"%%post_title%% %%sitetitle%% %%sep%%","_seopress_titles_desc":"%%post_excerpt%%","_seopress_robots_index":""},"product_brand":[],"product_cat":[186],"product_tag":[],"class_list":{"0":"post-6807","1":"product","2":"type-product","3":"status-publish","4":"has-post-thumbnail","6":"product_cat-zipper-machine","8":"first","9":"instock","10":"shipping-taxable","11":"product-type-simple"},"_links":{"self":[{"href":"https:\/\/zipper-factory.com\/fr\/wp-json\/wp\/v2\/product\/6807","targetHints":{"allow":["GET"]}}],"collection":[{"href":"https:\/\/zipper-factory.com\/fr\/wp-json\/wp\/v2\/product"}],"about":[{"href":"https:\/\/zipper-factory.com\/fr\/wp-json\/wp\/v2\/types\/product"}],"replies":[{"embeddable":true,"href":"https:\/\/zipper-factory.com\/fr\/wp-json\/wp\/v2\/comments?post=6807"}],"wp:featuredmedia":[{"embeddable":true,"href":"https:\/\/zipper-factory.com\/fr\/wp-json\/wp\/v2\/media\/6823"}],"wp:attachment":[{"href":"https:\/\/zipper-factory.com\/fr\/wp-json\/wp\/v2\/media?parent=6807"}],"wp:term":[{"taxonomy":"product_brand","embeddable":true,"href":"https:\/\/zipper-factory.com\/fr\/wp-json\/wp\/v2\/product_brand?post=6807"},{"taxonomy":"product_cat","embeddable":true,"href":"https:\/\/zipper-factory.com\/fr\/wp-json\/wp\/v2\/product_cat?post=6807"},{"taxonomy":"product_tag","embeddable":true,"href":"https:\/\/zipper-factory.com\/fr\/wp-json\/wp\/v2\/product_tag?post=6807"}],"curies":[{"name":"wp","href":"https:\/\/api.w.org\/{rel}","templated":true}]}}