{"id":6811,"date":"2024-03-11T15:08:29","date_gmt":"2024-03-11T07:08:29","guid":{"rendered":"https:\/\/zipper-factory.com\/?post_type=product&#038;p=6811"},"modified":"2024-03-11T15:12:16","modified_gmt":"2024-03-11T07:12:16","slug":"nylon-zipper-top-stopper-machine","status":"publish","type":"product","link":"https:\/\/zipper-factory.com\/fr\/produit\/nylon-zipper-top-stopper-machine\/","title":{"rendered":"Machine \u00e0 bouchons sup\u00e9rieurs pour fermetures \u00e0 glissi\u00e8re en nylon"},"content":{"rendered":"<p>D\u00e9couvrez notre machine de pointe pour l&#039;installation de but\u00e9es de fermeture \u00e0 glissi\u00e8re en nylon, con\u00e7ue pour simplifier le processus d&#039;installation et garantir une qualit\u00e9 irr\u00e9prochable pour chaque fermeture \u00e0 glissi\u00e8re produite. Cette machine innovante r\u00e9volutionne l&#039;industrie textile en permettant une installation efficace et pr\u00e9cise des but\u00e9es de fermeture \u00e0 glissi\u00e8re en nylon.<\/p>\n<p>Gr\u00e2ce \u00e0 sa technologie avanc\u00e9e et \u00e0 son interface intuitive, notre machine d&#039;installation de fermetures \u00e0 glissi\u00e8re en nylon offre des performances et une fiabilit\u00e9 in\u00e9gal\u00e9es. Dot\u00e9e de fonctionnalit\u00e9s de pointe pour un fonctionnement fluide, elle est le compl\u00e9ment id\u00e9al de toute ligne de production.<\/p>\n<p>L&#039;une des principales caract\u00e9ristiques de notre machine est sa polyvalence. Elle est compatible avec une large gamme de fermetures \u00e0 glissi\u00e8re en nylon, de tailles et de styles vari\u00e9s. Que vous ayez besoin d&#039;installer des but\u00e9es sur des fermetures \u00e0 glissi\u00e8re pour v\u00eatements, sacs ou accessoires, notre machine s&#039;en charge facilement.<\/p>\n<p>Notre machine d&#039;installation de but\u00e9es sup\u00e9rieures pour fermetures \u00e0 glissi\u00e8re en nylon est con\u00e7ue pour la pr\u00e9cision et l&#039;efficacit\u00e9. Elle assure un placement uniforme des but\u00e9es sup\u00e9rieures, \u00e9liminant ainsi toute marge d&#039;erreur. Elle garantit une finition impeccable et am\u00e9liore la qualit\u00e9 globale de la fermeture \u00e0 glissi\u00e8re, r\u00e9pondant aux normes les plus strictes de l&#039;industrie.<\/p>\n<p>De plus, notre machine est con\u00e7ue pour durer. Fabriqu\u00e9e \u00e0 partir de mat\u00e9riaux durables et int\u00e9grant des composants robustes, elle garantit des performances durables et un entretien minimal. Sa conception ergonomique favorise \u00e9galement le confort et la s\u00e9curit\u00e9 de l&#039;op\u00e9rateur, r\u00e9duisant ainsi les risques de fatigue et d&#039;accident.<\/p>\n<p>Investir dans notre machine d&#039;installation de fermetures \u00e0 glissi\u00e8re en nylon vous permettra non seulement de rationaliser votre processus de production, mais aussi d&#039;am\u00e9liorer la qualit\u00e9 globale de vos fermetures \u00e0 glissi\u00e8re en nylon. Gardez une longueur d&#039;avance sur la concurrence gr\u00e2ce \u00e0 cette technologie de pointe qui garantit pr\u00e9cision, efficacit\u00e9 et durabilit\u00e9.<\/p>","protected":false},"excerpt":{"rendered":"<p title=\"Machine de fermeture \u00e0 glissi\u00e8re en nylon enti\u00e8rement automatique, machine de fermeture \u00e0 glissi\u00e8re en U \u00e0 ultrasons adapt\u00e9e aux fermetures \u00e0 glissi\u00e8re en nylon\" data-spm-anchor-id=\"a2700.details.0.i48.451d48b93Hj6r5\">Machine de fermeture \u00e0 glissi\u00e8re en nylon enti\u00e8rement automatique, machine de fermeture \u00e0 glissi\u00e8re en U \u00e0 ultrasons adapt\u00e9e aux fermetures \u00e0 glissi\u00e8re en nylon<\/p>\n<p title=\"Machine de fermeture \u00e0 glissi\u00e8re enti\u00e8rement automatique en m\u00e9tal, type europ\u00e9en, pour fermeture \u00e0 glissi\u00e8re \u00e0 particules, adapt\u00e9e aux fermetures \u00e0 glissi\u00e8re \u00e0 finition m\u00e9tallique\" data-spm-anchor-id=\"a2700.details.0.i57.38fe70e2zWL7bQ\">Le produit est une machine HJM-104NA-U, compatible avec une tension de 220 VCA et d&#039;une puissance de 1,2 kW. Elle peut produire en moyenne 1\u00a0200 feuilles de 50 cm par heure, pour un poids net de 200 kg et des dimensions de 75 cm x 80 cm x 176 cm. Elle est adapt\u00e9e aux produits de sp\u00e9cifications 3#N, 4#N et 5#N.<\/p>","protected":false},"featured_media":6812,"comment_status":"open","ping_status":"closed","template":"","meta":{"_seopress_robots_primary_cat":"none","_seopress_titles_title":"%%post_title%% %%sitetitle%% %%sep%%","_seopress_titles_desc":"%%post_excerpt%%","_seopress_robots_index":""},"product_brand":[],"product_cat":[186],"product_tag":[],"class_list":{"0":"post-6811","1":"product","2":"type-product","3":"status-publish","4":"has-post-thumbnail","6":"product_cat-zipper-machine","8":"first","9":"instock","10":"shipping-taxable","11":"product-type-simple"},"_links":{"self":[{"href":"https:\/\/zipper-factory.com\/fr\/wp-json\/wp\/v2\/product\/6811","targetHints":{"allow":["GET"]}}],"collection":[{"href":"https:\/\/zipper-factory.com\/fr\/wp-json\/wp\/v2\/product"}],"about":[{"href":"https:\/\/zipper-factory.com\/fr\/wp-json\/wp\/v2\/types\/product"}],"replies":[{"embeddable":true,"href":"https:\/\/zipper-factory.com\/fr\/wp-json\/wp\/v2\/comments?post=6811"}],"wp:featuredmedia":[{"embeddable":true,"href":"https:\/\/zipper-factory.com\/fr\/wp-json\/wp\/v2\/media\/6812"}],"wp:attachment":[{"href":"https:\/\/zipper-factory.com\/fr\/wp-json\/wp\/v2\/media?parent=6811"}],"wp:term":[{"taxonomy":"product_brand","embeddable":true,"href":"https:\/\/zipper-factory.com\/fr\/wp-json\/wp\/v2\/product_brand?post=6811"},{"taxonomy":"product_cat","embeddable":true,"href":"https:\/\/zipper-factory.com\/fr\/wp-json\/wp\/v2\/product_cat?post=6811"},{"taxonomy":"product_tag","embeddable":true,"href":"https:\/\/zipper-factory.com\/fr\/wp-json\/wp\/v2\/product_tag?post=6811"}],"curies":[{"name":"wp","href":"https:\/\/api.w.org\/{rel}","templated":true}]}}