{"id":7101,"date":"2024-04-01T15:15:20","date_gmt":"2024-04-01T07:15:20","guid":{"rendered":"https:\/\/zipper-factory.com\/?post_type=product&#038;p=7101"},"modified":"2024-04-01T15:24:46","modified_gmt":"2024-04-01T07:24:46","slug":"stainless-steel-zipper","status":"publish","type":"product","link":"https:\/\/zipper-factory.com\/fr\/produit\/stainless-steel-zipper\/","title":{"rendered":"Fermeture \u00e9clair en acier inoxydable"},"content":{"rendered":"<h2>Pr\u00e9sentation de notre fermeture \u00e9clair en acier inoxydable<\/h2>\n<p>Sublimez vos v\u00eatements et accessoires avec notre fermeture \u00e9clair en acier inoxydable de haute qualit\u00e9. Con\u00e7ue avec pr\u00e9cision et durabilit\u00e9, elle offre une esth\u00e9tique \u00e9l\u00e9gante et moderne tout en garantissant une fermeture s\u00e9curis\u00e9e.<\/p>\n<p>Con\u00e7ue \u00e0 la fois pour la mode et la fonctionnalit\u00e9, notre fermeture \u00e0 glissi\u00e8re en acier inoxydable est id\u00e9ale pour une large gamme d&#039;applications, notamment pour les vestes, les sacs \u00e0 main, les sacs \u00e0 dos, etc. Sa r\u00e9sistance \u00e0 la corrosion en fait un outil id\u00e9al pour les v\u00eatements d&#039;ext\u00e9rieur et imperm\u00e9ables, offrant une performance durable, m\u00eame dans des conditions difficiles.<\/p>\n<p>Gr\u00e2ce \u00e0 son fonctionnement fluide et sans accroc, notre fermeture \u00e0 glissi\u00e8re en acier inoxydable garantit une ouverture et une fermeture sans effort, vous permettant d&#039;acc\u00e9der facilement \u00e0 vos affaires. Ses dents et son curseur robustes garantissent une fermeture fiable et sans accroc, vous permettant de fermer vos articles pr\u00e9f\u00e9r\u00e9s en un clin d&#039;\u0153il.<\/p>\n<p>Notre fermeture \u00e9clair en acier inoxydable offre non seulement une durabilit\u00e9 exceptionnelle, mais ajoute \u00e9galement une touche de sophistication \u00e0 vos cr\u00e9ations. Sa finition m\u00e9tallique sublime l&#039;apparence g\u00e9n\u00e9rale de vos cr\u00e9ations, leur conf\u00e9rant un aspect moderne et raffin\u00e9.<\/p>\n<p>Que vous soyez cr\u00e9ateur de mode, bricoleur ou que vous cherchiez simplement \u00e0 remplacer une fermeture \u00e9clair us\u00e9e, notre fermeture \u00e9clair en acier inoxydable est le choix id\u00e9al. Sublimez vos v\u00eatements et accessoires avec notre fermeture \u00e9clair fiable et \u00e9l\u00e9gante d\u00e8s aujourd&#039;hui.<\/p>","protected":false},"excerpt":{"rendered":"<p title=\"Fermeture \u00e9clair en alliage de titane haute r\u00e9sistance \u00e0 bas prix, dents en Y, couleur personnalis\u00e9e #5\" data-spm-anchor-id=\"a2700.details.0.i78.5c4e332eU1PdYU\">Fermeture \u00e9clair Better Choice Jeans 3# 4# en acier inoxydable, fermeture \u00e9clair en m\u00e9tal, dents en Y, fermeture \u00e9clair en acier inoxydable \u00e0 extr\u00e9mit\u00e9 ferm\u00e9e<\/p>","protected":false},"featured_media":7102,"comment_status":"open","ping_status":"closed","template":"","meta":{"_seopress_robots_primary_cat":"none","_seopress_titles_title":"%%post_title%% %%sitetitle%% %%sep%%","_seopress_titles_desc":"%%post_excerpt%%","_seopress_robots_index":""},"product_brand":[],"product_cat":[33],"product_tag":[187],"class_list":{"0":"post-7101","1":"product","2":"type-product","3":"status-publish","4":"has-post-thumbnail","6":"product_cat-metal-zipper","7":"product_tag-stainless-steel","9":"first","10":"instock","11":"shipping-taxable","12":"product-type-simple"},"_links":{"self":[{"href":"https:\/\/zipper-factory.com\/fr\/wp-json\/wp\/v2\/product\/7101","targetHints":{"allow":["GET"]}}],"collection":[{"href":"https:\/\/zipper-factory.com\/fr\/wp-json\/wp\/v2\/product"}],"about":[{"href":"https:\/\/zipper-factory.com\/fr\/wp-json\/wp\/v2\/types\/product"}],"replies":[{"embeddable":true,"href":"https:\/\/zipper-factory.com\/fr\/wp-json\/wp\/v2\/comments?post=7101"}],"wp:featuredmedia":[{"embeddable":true,"href":"https:\/\/zipper-factory.com\/fr\/wp-json\/wp\/v2\/media\/7102"}],"wp:attachment":[{"href":"https:\/\/zipper-factory.com\/fr\/wp-json\/wp\/v2\/media?parent=7101"}],"wp:term":[{"taxonomy":"product_brand","embeddable":true,"href":"https:\/\/zipper-factory.com\/fr\/wp-json\/wp\/v2\/product_brand?post=7101"},{"taxonomy":"product_cat","embeddable":true,"href":"https:\/\/zipper-factory.com\/fr\/wp-json\/wp\/v2\/product_cat?post=7101"},{"taxonomy":"product_tag","embeddable":true,"href":"https:\/\/zipper-factory.com\/fr\/wp-json\/wp\/v2\/product_tag?post=7101"}],"curies":[{"name":"wp","href":"https:\/\/api.w.org\/{rel}","templated":true}]}}