{"id":7382,"date":"2024-05-24T15:46:13","date_gmt":"2024-05-24T07:46:13","guid":{"rendered":"https:\/\/zipper-factory.com\/?post_type=product&#038;p=7382"},"modified":"2024-05-24T17:17:06","modified_gmt":"2024-05-24T09:17:06","slug":"20-sliver-tooth-resin-zipper","status":"publish","type":"product","link":"https:\/\/zipper-factory.com\/fr\/produit\/20-sliver-tooth-resin-zipper\/","title":{"rendered":"Fermeture \u00e9clair en r\u00e9sine \u00e0 dents argent\u00e9es 20#"},"content":{"rendered":"<h2>Strat\u00e9gies de blogging essentielles pour am\u00e9liorer votre contenu<\/h2>\n<p>Comprendre votre public cible est essentiel pour cr\u00e9er un contenu de blog percutant. Conna\u00eetre vos lecteurs, leurs centres d&#039;int\u00e9r\u00eat et leurs attentes vous permet d&#039;adapter votre contenu \u00e0 leurs besoins. Mener des enqu\u00eates, interagir avec votre public sur les r\u00e9seaux sociaux et analyser les commentaires peuvent vous fournir des informations pr\u00e9cieuses. Cr\u00e9er un contenu qui trouve un \u00e9cho aupr\u00e8s de votre public stimule non seulement l&#039;engagement, mais aussi la fid\u00e9lisation de votre lectorat.<\/p>\n<p>La recherche de mots-cl\u00e9s et les bonnes pratiques SEO sont essentielles pour am\u00e9liorer la visibilit\u00e9 de votre blog sur les moteurs de recherche. Utilisez des outils comme Google Keyword Planner, Ahrefs ou SEMrush pour identifier les mots-cl\u00e9s et expressions pertinents recherch\u00e9s par votre public cible. Int\u00e9grez-les naturellement \u00e0 votre contenu, vos titres et vos m\u00e9ta-descriptions pour am\u00e9liorer votre classement dans les moteurs de recherche. \u00c9vitez toutefois le bourrage de mots-cl\u00e9s, car cela peut nuire \u00e0 la lisibilit\u00e9 et \u00e0 la qualit\u00e9 de votre article.<\/p>\n<p>Des titres percutants et des introductions captivantes sont essentiels pour capter l&#039;int\u00e9r\u00eat du lecteur. Votre titre doit \u00eatre clair, intrigant et refl\u00e9ter la valeur du contenu. Une introduction efficace captive le lecteur d\u00e8s les premi\u00e8res phrases et l&#039;incite \u00e0 poursuivre sa lecture. Utilisez des anecdotes, des questions ou des faits int\u00e9ressants pour piquer la curiosit\u00e9 et donner le ton \u00e0 votre article.<\/p>\n<p>Cr\u00e9er du contenu original et de qualit\u00e9 est essentiel pour asseoir votre autorit\u00e9 et votre cr\u00e9dibilit\u00e9 dans votre niche. L&#039;originalit\u00e9 vous distingue de la concurrence et offre des perspectives nouvelles sur des sujets d&#039;actualit\u00e9. Assurez-vous que votre contenu est bien document\u00e9, informatif et exempt de plagiat. De plus, maintenir un calendrier de publication r\u00e9gulier contribue \u00e0 fid\u00e9liser votre lectorat. Qu&#039;il soit hebdomadaire, bimensuel ou mensuel, la r\u00e9gularit\u00e9 maintient l&#039;int\u00e9r\u00eat de votre public et l&#039;attend avec impatience.<\/p>\n<p>L&#039;int\u00e9gration d&#039;\u00e9l\u00e9ments multim\u00e9dias tels que des images, des vid\u00e9os et des infographies peut enrichir consid\u00e9rablement vos articles de blog. Le contenu visuel rompt la monotonie du texte, rendant vos articles plus attrayants et plus faciles \u00e0 comprendre. Utilisez des images et des vid\u00e9os pertinentes pour illustrer vos propos et cr\u00e9ez des infographies pour r\u00e9sumer des informations complexes. Le multim\u00e9dia am\u00e9liore non seulement l&#039;exp\u00e9rience utilisateur, mais augmente \u00e9galement les chances de partage sur les r\u00e9seaux sociaux, \u00e9largissant ainsi la port\u00e9e de votre contenu.<\/p>\n<h2>Techniques de promotion efficaces pour accro\u00eetre la port\u00e9e de votre blog<\/h2>\n<p>Le succ\u00e8s d&#039;un blog repose en grande partie sur des techniques de promotion efficaces pour \u00e9tendre sa port\u00e9e et attirer un public plus large. Les r\u00e9seaux sociaux sont parmi les outils les plus puissants \u00e0 votre disposition. Des plateformes comme Facebook, Twitter, Instagram et Pinterest offrent des moyens uniques de partager votre contenu et d&#039;interagir avec vos lecteurs. Sur Facebook, cr\u00e9ez une page d\u00e9di\u00e9e \u00e0 votre blog o\u00f9 vous pourrez publier des mises \u00e0 jour, partager des articles et interagir avec vos abonn\u00e9s. Twitter est id\u00e9al pour des mises \u00e0 jour rapides et participer \u00e0 des conversations tendance en lien avec le domaine de votre blog. Instagram, avec son approche visuelle, vous permet de partager des images et des histoires accrocheuses qui g\u00e9n\u00e8rent du trafic vers votre blog. Pinterest, connu pour son contenu de type tableau d&#039;affichage, est id\u00e9al pour partager des infographies et des articles de blog visuellement attrayants, facilement rep\u00e9rables par les utilisateurs int\u00e9ress\u00e9s par des sujets connexes.<\/p>\n<p>L&#039;e-mailing est une autre strat\u00e9gie efficace pour accro\u00eetre la port\u00e9e de votre blog. Cr\u00e9er une liste d&#039;abonn\u00e9s vous permet de fid\u00e9liser votre audience gr\u00e2ce \u00e0 des mises \u00e0 jour r\u00e9guli\u00e8res, du contenu exclusif et des offres sp\u00e9ciales. Des outils comme Mailchimp ou ConvertKit peuvent vous aider \u00e0 g\u00e9rer vos campagnes e-mailing et \u00e0 suivre leur efficacit\u00e9. Assurez-vous d&#039;apporter de la valeur ajout\u00e9e \u00e0 vos newsletters pour maintenir l&#039;int\u00e9r\u00eat de vos lecteurs et r\u00e9duire les taux de d\u00e9sabonnement.<\/p>\n<p>Cr\u00e9er un r\u00e9seau avec d&#039;autres blogueurs et influenceurs de votre secteur peut consid\u00e9rablement am\u00e9liorer la visibilit\u00e9 de votre blog. Participer \u00e0 des projets collaboratifs, comme des articles invit\u00e9s ou des webinaires communs, vous permet de toucher leur public et de nouer des relations mutuellement b\u00e9n\u00e9fiques. De plus, publier des articles invit\u00e9s sur des blogs r\u00e9put\u00e9s permet non seulement de faire conna\u00eetre votre contenu \u00e0 de nouveaux lecteurs, mais aussi de renforcer son autorit\u00e9 dans le secteur.<\/p>\n<p>Enfin, l&#039;utilisation d&#039;outils d&#039;analyse comme Google Analytics est essentielle pour suivre les performances de vos actions promotionnelles. En analysant des indicateurs tels que les pages vues, les taux de rebond et les sources de trafic, vous pouvez prendre des d\u00e9cisions fond\u00e9es sur des donn\u00e9es pour optimiser votre strat\u00e9gie. Un suivi continu de ces indicateurs vous aidera \u00e0 identifier les solutions les plus efficaces pour votre blog et \u00e0 ajuster vos tactiques en cons\u00e9quence.<\/p>","protected":false},"excerpt":{"rendered":"<p title=\"Fermeture \u00e9clair en plastique argent\u00e9e de haute qualit\u00e9 20# pour doudoune, fermeture \u00e9clair triangulaire \u00e0 extr\u00e9mit\u00e9 ouverte pour v\u00eatement\" data-spm-anchor-id=\"a2700.details.0.i36.7a3f6f8d3A9HpH\">Fermeture \u00e9clair en plastique argent\u00e9e de haute qualit\u00e9 20# pour doudoune, fermeture \u00e9clair triangulaire \u00e0 extr\u00e9mit\u00e9 ouverte pour v\u00eatement<\/p>","protected":false},"featured_media":7383,"comment_status":"open","ping_status":"closed","template":"","meta":{"_seopress_robots_primary_cat":"none","_seopress_titles_title":"%%post_title%% %%sitetitle%% %%sep%%","_seopress_titles_desc":"%%post_excerpt%%","_seopress_robots_index":""},"product_brand":[],"product_cat":[50],"product_tag":[],"class_list":{"0":"post-7382","1":"product","2":"type-product","3":"status-publish","4":"has-post-thumbnail","6":"product_cat-resin-zipper","8":"first","9":"instock","10":"shipping-taxable","11":"product-type-simple"},"_links":{"self":[{"href":"https:\/\/zipper-factory.com\/fr\/wp-json\/wp\/v2\/product\/7382","targetHints":{"allow":["GET"]}}],"collection":[{"href":"https:\/\/zipper-factory.com\/fr\/wp-json\/wp\/v2\/product"}],"about":[{"href":"https:\/\/zipper-factory.com\/fr\/wp-json\/wp\/v2\/types\/product"}],"replies":[{"embeddable":true,"href":"https:\/\/zipper-factory.com\/fr\/wp-json\/wp\/v2\/comments?post=7382"}],"wp:featuredmedia":[{"embeddable":true,"href":"https:\/\/zipper-factory.com\/fr\/wp-json\/wp\/v2\/media\/7383"}],"wp:attachment":[{"href":"https:\/\/zipper-factory.com\/fr\/wp-json\/wp\/v2\/media?parent=7382"}],"wp:term":[{"taxonomy":"product_brand","embeddable":true,"href":"https:\/\/zipper-factory.com\/fr\/wp-json\/wp\/v2\/product_brand?post=7382"},{"taxonomy":"product_cat","embeddable":true,"href":"https:\/\/zipper-factory.com\/fr\/wp-json\/wp\/v2\/product_cat?post=7382"},{"taxonomy":"product_tag","embeddable":true,"href":"https:\/\/zipper-factory.com\/fr\/wp-json\/wp\/v2\/product_tag?post=7382"}],"curies":[{"name":"wp","href":"https:\/\/api.w.org\/{rel}","templated":true}]}}