{"id":7633,"date":"2024-07-08T17:05:43","date_gmt":"2024-07-08T09:05:43","guid":{"rendered":"https:\/\/zipper-factory.com\/?post_type=product&#038;p=7633"},"modified":"2024-07-08T18:00:42","modified_gmt":"2024-07-08T10:00:42","slug":"design-zipper-puller","status":"publish","type":"product","link":"https:\/\/zipper-factory.com\/fr\/produit\/design-zipper-puller\/","title":{"rendered":"Tirette de fermeture \u00e9clair design"},"content":{"rendered":"<h2>Introduction aux tirettes de fermeture \u00e9clair<\/h2>\n<p>En mati\u00e8re de design, les d\u00e9tails comptent. La tirette de fermeture \u00e9clair est un d\u00e9tail qui peut consid\u00e9rablement rehausser l&#039;esth\u00e9tique et la fonctionnalit\u00e9 de vos cr\u00e9ations. Ces petits \u00e9l\u00e9ments essentiels facilitent non seulement l&#039;ouverture et la fermeture des fermetures \u00e9clair, mais contribuent \u00e9galement au style global de votre produit.<\/p>\n<h2>Importance du design des tirettes de fermeture \u00e9clair<\/h2>\n<p>La conception de tirettes de fermeture \u00e9clair va au-del\u00e0 de la simple fonctionnalit\u00e9. Une tirette bien con\u00e7ue peut am\u00e9liorer l&#039;exp\u00e9rience utilisateur en offrant une grande facilit\u00e9 d&#039;utilisation, notamment pour les personnes \u00e0 mobilit\u00e9 r\u00e9duite. De plus, elle permet aux designers d&#039;int\u00e9grer des \u00e9l\u00e9ments de marque ou des caract\u00e9ristiques stylistiques uniques. Un design de tirette de fermeture \u00e9clair bien pens\u00e9 peut d\u00e9marquer un produit, lui apportant une touche d&#039;\u00e9l\u00e9gance ou de robustesse, selon l&#039;usage pr\u00e9vu.<\/p>\n<h2>Mat\u00e9riaux et innovation<\/h2>\n<p>Les tirettes de fermeture \u00e9clair modernes sont disponibles dans une vari\u00e9t\u00e9 de mat\u00e9riaux, notamment le m\u00e9tal, le plastique et le tissu. Chaque mat\u00e9riau offre des avantages diff\u00e9rents, de la durabilit\u00e9 \u00e0 la flexibilit\u00e9. Les innovations dans ce domaine ont permis le d\u00e9veloppement de mat\u00e9riaux \u00e9cologiques, de plus en plus pris\u00e9s par les marques soucieuses de l&#039;environnement. De plus, les techniques de fabrication avanc\u00e9es permettent la cr\u00e9ation de formes personnalis\u00e9es et de designs complexes, permettant aux designers de repousser les limites de la cr\u00e9ativit\u00e9.<\/p>\n<h2>Conclusion<\/h2>\n<p>En conclusion, les tirettes de fermeture \u00e9clair sont bien plus que de simples \u00e9l\u00e9ments fonctionnels\u00a0; elles font partie int\u00e9grante du design d&#039;un produit. En soignant leur design, les designers peuvent am\u00e9liorer l&#039;esth\u00e9tique et la fonctionnalit\u00e9 de leurs cr\u00e9ations. Gr\u00e2ce \u00e0 la vari\u00e9t\u00e9 des mat\u00e9riaux et aux techniques innovantes \u00e0 leur disposition, les possibilit\u00e9s sont pratiquement illimit\u00e9es.<\/p>","protected":false},"excerpt":{"rendered":"<p data-spm-anchor-id=\"a2700.details.0.i18.bf774c63A4MPxF\">Tirettes de fermeture \u00e9clair d\u00e9coratives en forme de fleur ronde USB<\/p>","protected":false},"featured_media":7645,"comment_status":"open","ping_status":"closed","template":"","meta":{"_seopress_robots_primary_cat":"none","_seopress_titles_title":"%%post_title%% %%sitetitle%% %%sep%%","_seopress_titles_desc":"%%post_excerpt%%","_seopress_robots_index":""},"product_brand":[],"product_cat":[125],"product_tag":[],"class_list":{"0":"post-7633","1":"product","2":"type-product","3":"status-publish","4":"has-post-thumbnail","6":"product_cat-zipper-puller","8":"first","9":"instock","10":"shipping-taxable","11":"product-type-simple"},"_links":{"self":[{"href":"https:\/\/zipper-factory.com\/fr\/wp-json\/wp\/v2\/product\/7633","targetHints":{"allow":["GET"]}}],"collection":[{"href":"https:\/\/zipper-factory.com\/fr\/wp-json\/wp\/v2\/product"}],"about":[{"href":"https:\/\/zipper-factory.com\/fr\/wp-json\/wp\/v2\/types\/product"}],"replies":[{"embeddable":true,"href":"https:\/\/zipper-factory.com\/fr\/wp-json\/wp\/v2\/comments?post=7633"}],"wp:featuredmedia":[{"embeddable":true,"href":"https:\/\/zipper-factory.com\/fr\/wp-json\/wp\/v2\/media\/7645"}],"wp:attachment":[{"href":"https:\/\/zipper-factory.com\/fr\/wp-json\/wp\/v2\/media?parent=7633"}],"wp:term":[{"taxonomy":"product_brand","embeddable":true,"href":"https:\/\/zipper-factory.com\/fr\/wp-json\/wp\/v2\/product_brand?post=7633"},{"taxonomy":"product_cat","embeddable":true,"href":"https:\/\/zipper-factory.com\/fr\/wp-json\/wp\/v2\/product_cat?post=7633"},{"taxonomy":"product_tag","embeddable":true,"href":"https:\/\/zipper-factory.com\/fr\/wp-json\/wp\/v2\/product_tag?post=7633"}],"curies":[{"name":"wp","href":"https:\/\/api.w.org\/{rel}","templated":true}]}}