{"id":2178,"date":"2022-05-16T15:30:48","date_gmt":"2022-05-16T07:30:48","guid":{"rendered":"http:\/\/zipper-factory.com\/?post_type=product&#038;p=2178"},"modified":"2023-12-18T15:34:07","modified_gmt":"2023-12-18T07:34:07","slug":"no-3-y-teeth-metal-zipper","status":"publish","type":"product","link":"https:\/\/zipper-factory.com\/pt\/produto\/no-3-y-teeth-metal-zipper\/","title":{"rendered":"Z\u00edper de metal com dentes em Y"},"content":{"rendered":"<p>O z\u00edper met\u00e1lico com dentes em Y \u00e9 do tipo YKK, sendo o z\u00edper met\u00e1lico de dupla abertura mais utilizado no dia a dia. \u00c9 resistente ao desgaste e tem uma vida \u00fatil mais longa. \u00c9 amplamente utilizado em roupas, bolsas, cal\u00e7ados e outros produtos, al\u00e9m de ser um z\u00edper met\u00e1lico com \u00f3timo custo-benef\u00edcio.<\/p>","protected":false},"excerpt":{"rendered":"<p class=\"elements-title-normal__content large\">Z\u00edper de metal com dentes YKK bidirecional e z\u00edper de metal para jaqueta<\/p>","protected":false},"featured_media":2154,"comment_status":"open","ping_status":"closed","template":"","meta":{"_seopress_robots_primary_cat":"none","_seopress_titles_title":"%%post_title%% %%sitetitle%% %%sep%%","_seopress_titles_desc":"%%post_excerpt%%","_seopress_robots_index":""},"product_brand":[],"product_cat":[33],"product_tag":[182],"class_list":{"0":"post-2178","1":"product","2":"type-product","3":"status-publish","4":"has-post-thumbnail","6":"product_cat-metal-zipper","7":"product_tag-y-tooth","9":"first","10":"instock","11":"shipping-taxable","12":"product-type-simple"},"_links":{"self":[{"href":"https:\/\/zipper-factory.com\/pt\/wp-json\/wp\/v2\/product\/2178","targetHints":{"allow":["GET"]}}],"collection":[{"href":"https:\/\/zipper-factory.com\/pt\/wp-json\/wp\/v2\/product"}],"about":[{"href":"https:\/\/zipper-factory.com\/pt\/wp-json\/wp\/v2\/types\/product"}],"replies":[{"embeddable":true,"href":"https:\/\/zipper-factory.com\/pt\/wp-json\/wp\/v2\/comments?post=2178"}],"wp:featuredmedia":[{"embeddable":true,"href":"https:\/\/zipper-factory.com\/pt\/wp-json\/wp\/v2\/media\/2154"}],"wp:attachment":[{"href":"https:\/\/zipper-factory.com\/pt\/wp-json\/wp\/v2\/media?parent=2178"}],"wp:term":[{"taxonomy":"product_brand","embeddable":true,"href":"https:\/\/zipper-factory.com\/pt\/wp-json\/wp\/v2\/product_brand?post=2178"},{"taxonomy":"product_cat","embeddable":true,"href":"https:\/\/zipper-factory.com\/pt\/wp-json\/wp\/v2\/product_cat?post=2178"},{"taxonomy":"product_tag","embeddable":true,"href":"https:\/\/zipper-factory.com\/pt\/wp-json\/wp\/v2\/product_tag?post=2178"}],"curies":[{"name":"wp","href":"https:\/\/api.w.org\/{rel}","templated":true}]}}