{"id":2179,"date":"2022-05-16T15:37:22","date_gmt":"2022-05-16T07:37:22","guid":{"rendered":"http:\/\/zipper-factory.com\/?post_type=product&#038;p=2179"},"modified":"2023-12-18T15:40:19","modified_gmt":"2023-12-18T07:40:19","slug":"european-teeth-metal-zipper","status":"publish","type":"product","link":"https:\/\/zipper-factory.com\/pt\/produto\/european-teeth-metal-zipper\/","title":{"rendered":"Z\u00edper de metal com dentes europeus"},"content":{"rendered":"<p>O z\u00edper de metal estilo europeu busca precis\u00e3o e perfei\u00e7\u00e3o no artesanato. Cada etapa \u00e9 cuidadosamente polida e processada, conferindo-lhe um toque elegante e de alta qualidade. O z\u00edper de metal estilo europeu, tamb\u00e9m conhecido como z\u00edper de metal su\u00ed\u00e7o, \u00e9 popular na Europa. \u00c9 um z\u00edper de metal de alta qualidade, dur\u00e1vel, suave e moderno, adequado para roupas de alta qualidade, bolsas, chap\u00e9us e outros setores. Ele pode adicionar qualidade e estilo \u00fanico aos produtos.<\/p>","protected":false},"excerpt":{"rendered":"<p class=\"elements-title-normal__content large\">Z\u00edper de metal com dentes su\u00ed\u00e7os bidirecional Z\u00edper de metal para jaqueta<\/p>","protected":false},"featured_media":2174,"comment_status":"open","ping_status":"closed","template":"","meta":{"_seopress_robots_primary_cat":"none","_seopress_titles_title":"%%post_title%% %%sitetitle%% %%sep%%","_seopress_titles_desc":"%%post_excerpt%%","_seopress_robots_index":""},"product_brand":[],"product_cat":[33],"product_tag":[169],"class_list":{"0":"post-2179","1":"product","2":"type-product","3":"status-publish","4":"has-post-thumbnail","6":"product_cat-metal-zipper","7":"product_tag-european","9":"first","10":"instock","11":"shipping-taxable","12":"product-type-simple"},"_links":{"self":[{"href":"https:\/\/zipper-factory.com\/pt\/wp-json\/wp\/v2\/product\/2179","targetHints":{"allow":["GET"]}}],"collection":[{"href":"https:\/\/zipper-factory.com\/pt\/wp-json\/wp\/v2\/product"}],"about":[{"href":"https:\/\/zipper-factory.com\/pt\/wp-json\/wp\/v2\/types\/product"}],"replies":[{"embeddable":true,"href":"https:\/\/zipper-factory.com\/pt\/wp-json\/wp\/v2\/comments?post=2179"}],"wp:featuredmedia":[{"embeddable":true,"href":"https:\/\/zipper-factory.com\/pt\/wp-json\/wp\/v2\/media\/2174"}],"wp:attachment":[{"href":"https:\/\/zipper-factory.com\/pt\/wp-json\/wp\/v2\/media?parent=2179"}],"wp:term":[{"taxonomy":"product_brand","embeddable":true,"href":"https:\/\/zipper-factory.com\/pt\/wp-json\/wp\/v2\/product_brand?post=2179"},{"taxonomy":"product_cat","embeddable":true,"href":"https:\/\/zipper-factory.com\/pt\/wp-json\/wp\/v2\/product_cat?post=2179"},{"taxonomy":"product_tag","embeddable":true,"href":"https:\/\/zipper-factory.com\/pt\/wp-json\/wp\/v2\/product_tag?post=2179"}],"curies":[{"name":"wp","href":"https:\/\/api.w.org\/{rel}","templated":true}]}}