{"id":4461,"date":"2022-12-19T16:07:20","date_gmt":"2022-12-19T08:07:20","guid":{"rendered":"https:\/\/zipper-factory.com\/?post_type=product&#038;p=4461"},"modified":"2023-10-18T15:53:45","modified_gmt":"2023-10-18T07:53:45","slug":"5-invisible-zipper","status":"publish","type":"product","link":"https:\/\/zipper-factory.com\/pt\/produto\/5-invisible-zipper\/","title":{"rendered":"#5 Z\u00edper invis\u00edvel"},"content":{"rendered":"","protected":false},"excerpt":{"rendered":"<p>Fita de z\u00edper invis\u00edvel personalizada #5 colorida para vestido com z\u00edper de renda e fecho invis\u00edvel<\/p>","protected":false},"featured_media":4467,"comment_status":"open","ping_status":"closed","template":"","meta":{"_seopress_robots_primary_cat":"none","_seopress_titles_title":"%%post_title%% %%sitetitle%% %%sep%%","_seopress_titles_desc":"%%post_excerpt%%","_seopress_robots_index":""},"product_brand":[],"product_cat":[126],"product_tag":[],"class_list":{"0":"post-4461","1":"product","2":"type-product","3":"status-publish","4":"has-post-thumbnail","6":"product_cat-invisible-zipper","8":"first","9":"instock","10":"shipping-taxable","11":"product-type-simple"},"_links":{"self":[{"href":"https:\/\/zipper-factory.com\/pt\/wp-json\/wp\/v2\/product\/4461","targetHints":{"allow":["GET"]}}],"collection":[{"href":"https:\/\/zipper-factory.com\/pt\/wp-json\/wp\/v2\/product"}],"about":[{"href":"https:\/\/zipper-factory.com\/pt\/wp-json\/wp\/v2\/types\/product"}],"replies":[{"embeddable":true,"href":"https:\/\/zipper-factory.com\/pt\/wp-json\/wp\/v2\/comments?post=4461"}],"wp:featuredmedia":[{"embeddable":true,"href":"https:\/\/zipper-factory.com\/pt\/wp-json\/wp\/v2\/media\/4467"}],"wp:attachment":[{"href":"https:\/\/zipper-factory.com\/pt\/wp-json\/wp\/v2\/media?parent=4461"}],"wp:term":[{"taxonomy":"product_brand","embeddable":true,"href":"https:\/\/zipper-factory.com\/pt\/wp-json\/wp\/v2\/product_brand?post=4461"},{"taxonomy":"product_cat","embeddable":true,"href":"https:\/\/zipper-factory.com\/pt\/wp-json\/wp\/v2\/product_cat?post=4461"},{"taxonomy":"product_tag","embeddable":true,"href":"https:\/\/zipper-factory.com\/pt\/wp-json\/wp\/v2\/product_tag?post=4461"}],"curies":[{"name":"wp","href":"https:\/\/api.w.org\/{rel}","templated":true}]}}