{"id":4819,"date":"2023-02-13T16:55:03","date_gmt":"2023-02-13T08:55:03","guid":{"rendered":"https:\/\/zipper-factory.com\/?post_type=product&#038;p=4819"},"modified":"2024-07-08T17:11:19","modified_gmt":"2024-07-08T09:11:19","slug":"decorative-puller-for-zipper","status":"publish","type":"product","link":"https:\/\/zipper-factory.com\/pt\/produto\/decorative-puller-for-zipper\/","title":{"rendered":"Puxador decorativo para z\u00edper"},"content":{"rendered":"<h2>Introdu\u00e7\u00e3o aos puxadores de z\u00edper decorativos<\/h2>\n<p>No mundo da moda e dos acess\u00f3rios, os pequenos detalhes costumam ter o impacto mais significativo. Um deles \u00e9 o puxador de z\u00edper decorativo. Embora possa parecer um componente secund\u00e1rio, um puxador de z\u00edper bem projetado pode transformar um item comum em algo extraordin\u00e1rio. Nosso puxador de z\u00edper decorativo \u00e9 fabricado com precis\u00e3o, garantindo funcionalidade e apelo est\u00e9tico.<\/p>\n<h2>Artesanato excepcional<\/h2>\n<p>Nossos puxadores de z\u00edper decorativos s\u00e3o feitos com materiais de alta qualidade que garantem durabilidade e eleg\u00e2ncia. Cada pe\u00e7a \u00e9 meticulosamente projetada para refletir sofistica\u00e7\u00e3o e estilo. Seja para real\u00e7ar uma bolsa, jaqueta ou qualquer outro item com z\u00edper, nossos puxadores s\u00e3o a solu\u00e7\u00e3o perfeita. A aten\u00e7\u00e3o aos detalhes em nossos designs garante que cada pe\u00e7a n\u00e3o s\u00f3 tenha uma \u00f3tima apar\u00eancia, mas tamb\u00e9m um desempenho excepcional.<\/p>\n<h2>Diversas op\u00e7\u00f5es de design<\/h2>\n<p>Oferecemos uma ampla gama de designs para atender a diversos gostos e prefer\u00eancias. De estilos cl\u00e1ssicos e discretos a designs ousados e chamativos, nossa cole\u00e7\u00e3o tem algo para todos os gostos. Cada puxador de z\u00edper decorativo est\u00e1 dispon\u00edvel em diversos acabamentos, permitindo que voc\u00ea escolha a combina\u00e7\u00e3o perfeita para o seu item. Seja para um visual minimalista ou algo mais elaborado, nossa sele\u00e7\u00e3o n\u00e3o ir\u00e1 decepcionar.<\/p>\n<h2>Pr\u00e1tico e elegante<\/h2>\n<p>A funcionalidade \u00e9 t\u00e3o importante quanto a est\u00e9tica quando se trata dos nossos puxadores de z\u00edper decorativos. Esses acess\u00f3rios s\u00e3o f\u00e1ceis de instalar e oferecem uma pegada firme, facilitando a abertura e o fechamento dos z\u00edperes. A combina\u00e7\u00e3o de praticidade e estilo torna nossos puxadores de z\u00edper um acess\u00f3rio indispens\u00e1vel para quem busca adicionar um toque de eleg\u00e2ncia aos seus pertences.<\/p>\n<p>Concluindo, nossos puxadores de z\u00edper decorativos oferecem uma combina\u00e7\u00e3o \u00fanica de estilo, qualidade e funcionalidade. Eleve seu estilo e acess\u00f3rios com esses detalhes requintados que certamente deixar\u00e3o uma impress\u00e3o duradoura. Explore nossa cole\u00e7\u00e3o hoje mesmo e encontre o puxador de z\u00edper decorativo perfeito para complementar seu estilo.<\/p>","protected":false},"excerpt":{"rendered":"<p title=\"Puxador de z\u00edper com strass de luxo, p\u00e9rola brilhante, cabe\u00e7a deslizante, decora\u00e7\u00e3o de vestu\u00e1rio, acess\u00f3rios de costura para bolsa\" data-spm-anchor-id=\"a2700.details.0.i0.34da7eed7MDj6b\">Puxador de z\u00edper com strass de luxo, p\u00e9rola brilhante, cabe\u00e7a deslizante, decora\u00e7\u00e3o de vestu\u00e1rio, acess\u00f3rios de costura para bolsa<\/p>\n<div id=\"gtx-trans\" style=\"position: absolute; left: -9px; top: 37.9034px;\">\n<div class=\"gtx-trans-icon\"><\/div>\n<\/div>","protected":false},"featured_media":7638,"comment_status":"open","ping_status":"closed","template":"","meta":{"_seopress_robots_primary_cat":"none","_seopress_titles_title":"%%post_title%% %%sitetitle%% %%sep%%","_seopress_titles_desc":"%%post_excerpt%%","_seopress_robots_index":"","_seopress_analysis_target_kw":""},"product_brand":[],"product_cat":[125],"product_tag":[],"class_list":{"0":"post-4819","1":"product","2":"type-product","3":"status-publish","4":"has-post-thumbnail","6":"product_cat-zipper-puller","8":"first","9":"instock","10":"shipping-taxable","11":"product-type-simple"},"_links":{"self":[{"href":"https:\/\/zipper-factory.com\/pt\/wp-json\/wp\/v2\/product\/4819","targetHints":{"allow":["GET"]}}],"collection":[{"href":"https:\/\/zipper-factory.com\/pt\/wp-json\/wp\/v2\/product"}],"about":[{"href":"https:\/\/zipper-factory.com\/pt\/wp-json\/wp\/v2\/types\/product"}],"replies":[{"embeddable":true,"href":"https:\/\/zipper-factory.com\/pt\/wp-json\/wp\/v2\/comments?post=4819"}],"wp:featuredmedia":[{"embeddable":true,"href":"https:\/\/zipper-factory.com\/pt\/wp-json\/wp\/v2\/media\/7638"}],"wp:attachment":[{"href":"https:\/\/zipper-factory.com\/pt\/wp-json\/wp\/v2\/media?parent=4819"}],"wp:term":[{"taxonomy":"product_brand","embeddable":true,"href":"https:\/\/zipper-factory.com\/pt\/wp-json\/wp\/v2\/product_brand?post=4819"},{"taxonomy":"product_cat","embeddable":true,"href":"https:\/\/zipper-factory.com\/pt\/wp-json\/wp\/v2\/product_cat?post=4819"},{"taxonomy":"product_tag","embeddable":true,"href":"https:\/\/zipper-factory.com\/pt\/wp-json\/wp\/v2\/product_tag?post=4819"}],"curies":[{"name":"wp","href":"https:\/\/api.w.org\/{rel}","templated":true}]}}