{"id":5303,"date":"2023-03-29T14:45:43","date_gmt":"2023-03-29T06:45:43","guid":{"rendered":"https:\/\/zipper-factory.com\/?post_type=product&#038;p=5303"},"modified":"2024-07-08T17:46:40","modified_gmt":"2024-07-08T09:46:40","slug":"design-logo-zipper-puller","status":"publish","type":"product","link":"https:\/\/zipper-factory.com\/pt\/produto\/design-logo-zipper-puller\/","title":{"rendered":"Puxador de z\u00edper com logotipo personalizado"},"content":{"rendered":"<h2>Introdu\u00e7\u00e3o aos puxadores de z\u00edper com logotipo personalizado<\/h2>\n<p>Puxadores de z\u00edper com logotipo personalizado s\u00e3o uma forma inovadora de adicionar um toque de personaliza\u00e7\u00e3o e profissionalismo aos seus produtos. Seja no setor de vestu\u00e1rio, malas ou acess\u00f3rios, esses puxadores de z\u00edper podem aumentar significativamente a visibilidade e o apelo da sua marca. Neste post, vamos explorar os v\u00e1rios benef\u00edcios de utilizar puxadores de z\u00edper com logotipo personalizado e como eles podem elevar a sua marca.<\/p>\n<h2>Benef\u00edcios dos puxadores de z\u00edper com logotipo personalizado<\/h2>\n<p>Um dos principais benef\u00edcios dos puxadores de z\u00edper com logotipo personalizado \u00e9 a oportunidade de refor\u00e7ar a marca. Ao incorporar seu logotipo ao puxador de z\u00edper, voc\u00ea cria uma maneira sutil, por\u00e9m eficaz, de os clientes reconhecerem e se lembrarem da sua marca. Esse pequeno detalhe pode deixar uma impress\u00e3o duradoura e promover a fidelidade \u00e0 marca.<\/p>\n<p>Al\u00e9m disso, puxadores de z\u00edper com logotipo personalizado conferem um visual \u00fanico e profissional aos seus produtos. Em vez de usar puxadores de z\u00edper simples e gen\u00e9ricos, voc\u00ea pode optar por um design que reflita a identidade da sua marca. Essa aten\u00e7\u00e3o aos detalhes pode diferenciar seus produtos da concorr\u00eancia e aumentar seu valor percebido.<\/p>\n<h2>Projetando seus puxadores de z\u00edper com logotipo personalizado<\/h2>\n<p>Criar puxadores de z\u00edper com logotipo personalizado \u00e9 um processo simples. Voc\u00ea pode trabalhar com os fabricantes para escolher o material, a cor e o formato que melhor representam sua marca. Seja metal, pl\u00e1stico ou silicone, h\u00e1 in\u00fameras op\u00e7\u00f5es para atender \u00e0s suas necessidades. Al\u00e9m disso, voc\u00ea pode decidir o tamanho e o posicionamento do seu logotipo, garantindo que ele seja vis\u00edvel e esteticamente agrad\u00e1vel.<\/p>\n<h2>Conclus\u00e3o<\/h2>\n<p>Concluindo, puxadores de z\u00edper com logotipo personalizado s\u00e3o uma ferramenta pequena, mas poderosa, para aprimorar a identidade e o apelo da sua marca. Ao investir nesses acess\u00f3rios personalizados, voc\u00ea pode criar um visual coeso e profissional para seus produtos, impulsionando o reconhecimento da marca e a fidelidade do cliente. Considere incorporar puxadores de z\u00edper com logotipo personalizado em sua pr\u00f3xima linha de produtos para experimentar esses benef\u00edcios em primeira m\u00e3o.<\/p>","protected":false},"excerpt":{"rendered":"<p data-spm-anchor-id=\"a2700.details.0.i12.74656f1ajPceSz\">Puxador de z\u00edper de metal com logotipo personalizado gravado de alta qualidade, puxador de z\u00edper deslizante de metal para bolsa e vestu\u00e1rio<\/p>","protected":false},"featured_media":7643,"comment_status":"open","ping_status":"closed","template":"","meta":{"_seopress_robots_primary_cat":"none","_seopress_titles_title":"%%post_title%% %%sitetitle%% %%sep%%","_seopress_titles_desc":"%%post_excerpt%%","_seopress_robots_index":"","_seopress_analysis_target_kw":""},"product_brand":[],"product_cat":[125],"product_tag":[200],"class_list":{"0":"post-5303","1":"product","2":"type-product","3":"status-publish","4":"has-post-thumbnail","6":"product_cat-zipper-puller","7":"product_tag-logo-zipper-puller","9":"first","10":"instock","11":"shipping-taxable","12":"product-type-simple"},"_links":{"self":[{"href":"https:\/\/zipper-factory.com\/pt\/wp-json\/wp\/v2\/product\/5303","targetHints":{"allow":["GET"]}}],"collection":[{"href":"https:\/\/zipper-factory.com\/pt\/wp-json\/wp\/v2\/product"}],"about":[{"href":"https:\/\/zipper-factory.com\/pt\/wp-json\/wp\/v2\/types\/product"}],"replies":[{"embeddable":true,"href":"https:\/\/zipper-factory.com\/pt\/wp-json\/wp\/v2\/comments?post=5303"}],"wp:featuredmedia":[{"embeddable":true,"href":"https:\/\/zipper-factory.com\/pt\/wp-json\/wp\/v2\/media\/7643"}],"wp:attachment":[{"href":"https:\/\/zipper-factory.com\/pt\/wp-json\/wp\/v2\/media?parent=5303"}],"wp:term":[{"taxonomy":"product_brand","embeddable":true,"href":"https:\/\/zipper-factory.com\/pt\/wp-json\/wp\/v2\/product_brand?post=5303"},{"taxonomy":"product_cat","embeddable":true,"href":"https:\/\/zipper-factory.com\/pt\/wp-json\/wp\/v2\/product_cat?post=5303"},{"taxonomy":"product_tag","embeddable":true,"href":"https:\/\/zipper-factory.com\/pt\/wp-json\/wp\/v2\/product_tag?post=5303"}],"curies":[{"name":"wp","href":"https:\/\/api.w.org\/{rel}","templated":true}]}}