{"id":6285,"date":"2023-09-20T17:36:44","date_gmt":"2023-09-20T09:36:44","guid":{"rendered":"https:\/\/zipper-factory.com\/?post_type=product&#038;p=6285"},"modified":"2023-09-20T17:44:24","modified_gmt":"2023-09-20T09:44:24","slug":"0-1-2-metal-zipper","status":"publish","type":"product","link":"https:\/\/zipper-factory.com\/pt\/produto\/0-1-2-metal-zipper\/","title":{"rendered":"0# 1# 2# Z\u00edper de metal"},"content":{"rendered":"<p data-spm-anchor-id=\"a2700.details.0.i14.6c4a77c4eA8YO6\">O z\u00edper de metal 0# 1# 2# \u00e9 comumente usado como m\u00e9todo de fechamento para roupas, bolsas e outros itens. Ele permite f\u00e1cil abertura e fechamento, garantindo a seguran\u00e7a e a praticidade dos itens. Z\u00edperes pequenos tamb\u00e9m podem ser usados para separar e organizar itens, como separar bolsos ou dividir equipamentos. Al\u00e9m disso, o z\u00edper de metal 0# 1# 2# pode ser usado para decora\u00e7\u00e3o, aprimorando a est\u00e9tica dos itens. Em suma, os z\u00edperes de metal 0# 1# 2# s\u00e3o um dispositivo de fechamento comum e pr\u00e1tico.<\/p>","protected":false},"excerpt":{"rendered":"<p data-spm-anchor-id=\"a2700.details.0.i14.6c4a77c4eA8YO6\">O menor z\u00edper de metal de tamanho 0# 1# 2# s\u00e9rie decorativa de z\u00edper de metal para design de moda<\/p>","protected":false},"featured_media":6286,"comment_status":"open","ping_status":"closed","template":"","meta":{"_seopress_robots_primary_cat":"none","_seopress_titles_title":"%%post_title%% %%sitetitle%% %%sep%%","_seopress_titles_desc":"%%post_excerpt%%","_seopress_robots_index":""},"product_brand":[],"product_cat":[33],"product_tag":[],"class_list":{"0":"post-6285","1":"product","2":"type-product","3":"status-publish","4":"has-post-thumbnail","6":"product_cat-metal-zipper","8":"first","9":"instock","10":"shipping-taxable","11":"product-type-simple"},"_links":{"self":[{"href":"https:\/\/zipper-factory.com\/pt\/wp-json\/wp\/v2\/product\/6285","targetHints":{"allow":["GET"]}}],"collection":[{"href":"https:\/\/zipper-factory.com\/pt\/wp-json\/wp\/v2\/product"}],"about":[{"href":"https:\/\/zipper-factory.com\/pt\/wp-json\/wp\/v2\/types\/product"}],"replies":[{"embeddable":true,"href":"https:\/\/zipper-factory.com\/pt\/wp-json\/wp\/v2\/comments?post=6285"}],"wp:featuredmedia":[{"embeddable":true,"href":"https:\/\/zipper-factory.com\/pt\/wp-json\/wp\/v2\/media\/6286"}],"wp:attachment":[{"href":"https:\/\/zipper-factory.com\/pt\/wp-json\/wp\/v2\/media?parent=6285"}],"wp:term":[{"taxonomy":"product_brand","embeddable":true,"href":"https:\/\/zipper-factory.com\/pt\/wp-json\/wp\/v2\/product_brand?post=6285"},{"taxonomy":"product_cat","embeddable":true,"href":"https:\/\/zipper-factory.com\/pt\/wp-json\/wp\/v2\/product_cat?post=6285"},{"taxonomy":"product_tag","embeddable":true,"href":"https:\/\/zipper-factory.com\/pt\/wp-json\/wp\/v2\/product_tag?post=6285"}],"curies":[{"name":"wp","href":"https:\/\/api.w.org\/{rel}","templated":true}]}}