{"id":6309,"date":"2023-10-18T16:06:13","date_gmt":"2023-10-18T08:06:13","guid":{"rendered":"https:\/\/zipper-factory.com\/?post_type=product&#038;p=6309"},"modified":"2023-10-18T16:09:42","modified_gmt":"2023-10-18T08:09:42","slug":"widen-nylon-zipper","status":"publish","type":"product","link":"https:\/\/zipper-factory.com\/pt\/produto\/widen-nylon-zipper\/","title":{"rendered":"Alargar z\u00edper de nylon"},"content":{"rendered":"<p data-spm-anchor-id=\"a2700.details.0.i19.8e56d888QA8di3\">O principal objetivo de alargar o z\u00edper \u00e9 proporcionar uma abertura mais ampla, facilitando a abertura e o fechamento de roupas, bolsas, malas e outros recipientes.<\/p>\n<div data-spm-anchor-id=\"a2700.details.0.i20.8e56d888QA8di3\">Por exemplo, usar um z\u00edper alargado em uma mala ou mochila pode aumentar a conveni\u00eancia e a capacidade de transporte de itens, enquanto usar um z\u00edper alargado em roupas pode proporcionar uma experi\u00eancia mais confort\u00e1vel de vestir e despir, especialmente para pessoas que precisam de mais espa\u00e7o, como gestantes ou pessoas com formas corporais especiais. Al\u00e9m disso, z\u00edperes alargados s\u00e3o amplamente utilizados em equipamentos esportivos para atividades ao ar livre, bolsas e acess\u00f3rios para atender \u00e0s necessidades de diferentes usu\u00e1rios.<\/div>","protected":false},"excerpt":{"rendered":"<div class=\"product-title\">\n<div id=\"module_title\">\n<div class=\"detail-title-section detail-mainscreen-center-grid J-ma-title-wrap\" data-spm-anchor-id=\"a2700.details.0.i20.236551e6ELb9zP\">\n<p data-spm-anchor-id=\"a2700.wholesale.0.i6.26b12d479nEVrj\">Bom pre\u00e7o 4 cm 5 cm de largura fita de nylon z\u00edper 5# corrente longa alargamento z\u00edper de nylon para bagagem<\/p>\n<div class=\"ma-tag-wrap\"><\/div>\n<p>&nbsp;<\/p>\n<div><\/div>\n<\/div>\n<\/div>\n<div id=\"module_activity_seller\"><\/div>\n<div id=\"module_glp\"><\/div>\n<div id=\"module_price\">\n<div class=\"widget-main-action\">\n<div class=\"ma-price-wrap\"><\/div>\n<\/div>\n<\/div>\n<\/div>","protected":false},"featured_media":6310,"comment_status":"open","ping_status":"closed","template":"","meta":{"_seopress_robots_primary_cat":"none","_seopress_titles_title":"%%post_title%% %%sitetitle%% %%sep%%","_seopress_titles_desc":"%%post_excerpt%%","_seopress_robots_index":""},"product_brand":[],"product_cat":[40],"product_tag":[],"class_list":{"0":"post-6309","1":"product","2":"type-product","3":"status-publish","4":"has-post-thumbnail","6":"product_cat-nylon-zipper","8":"first","9":"instock","10":"shipping-taxable","11":"product-type-simple"},"_links":{"self":[{"href":"https:\/\/zipper-factory.com\/pt\/wp-json\/wp\/v2\/product\/6309","targetHints":{"allow":["GET"]}}],"collection":[{"href":"https:\/\/zipper-factory.com\/pt\/wp-json\/wp\/v2\/product"}],"about":[{"href":"https:\/\/zipper-factory.com\/pt\/wp-json\/wp\/v2\/types\/product"}],"replies":[{"embeddable":true,"href":"https:\/\/zipper-factory.com\/pt\/wp-json\/wp\/v2\/comments?post=6309"}],"wp:featuredmedia":[{"embeddable":true,"href":"https:\/\/zipper-factory.com\/pt\/wp-json\/wp\/v2\/media\/6310"}],"wp:attachment":[{"href":"https:\/\/zipper-factory.com\/pt\/wp-json\/wp\/v2\/media?parent=6309"}],"wp:term":[{"taxonomy":"product_brand","embeddable":true,"href":"https:\/\/zipper-factory.com\/pt\/wp-json\/wp\/v2\/product_brand?post=6309"},{"taxonomy":"product_cat","embeddable":true,"href":"https:\/\/zipper-factory.com\/pt\/wp-json\/wp\/v2\/product_cat?post=6309"},{"taxonomy":"product_tag","embeddable":true,"href":"https:\/\/zipper-factory.com\/pt\/wp-json\/wp\/v2\/product_tag?post=6309"}],"curies":[{"name":"wp","href":"https:\/\/api.w.org\/{rel}","templated":true}]}}