{"id":6314,"date":"2023-10-18T16:11:46","date_gmt":"2023-10-18T08:11:46","guid":{"rendered":"https:\/\/zipper-factory.com\/?post_type=product&#038;p=6314"},"modified":"2023-10-18T16:14:33","modified_gmt":"2023-10-18T08:14:33","slug":"eva-track-zipper","status":"publish","type":"product","link":"https:\/\/zipper-factory.com\/pt\/produto\/eva-track-zipper\/","title":{"rendered":"Z\u00edper de trilho EVA"},"content":{"rendered":"<p data-spm-anchor-id=\"a2700.details.0.i19.8e56d888QA8di3\">O z\u00edper plano tem como objetivo servir como um tipo comum de z\u00edper feito de PVC, TPU e EVA. A escolha do material para o z\u00edper plano depende do material do tecido. Somente o mesmo material pode ser unido por soldagem de alta frequ\u00eancia.<\/p>\n<div data-spm-anchor-id=\"a2700.details.0.i27.98525dcffs1F6c\">\u00a0\u00c9 comumente utilizado para abrir e fechar produtos como bolsas, sapatos e roupas. A principal fun\u00e7\u00e3o do z\u00edper \u00e9 proporcionar uma abertura e fechamento r\u00e1pidos e convenientes do produto, proporcionando seguran\u00e7a e prote\u00e7\u00e3o. O z\u00edper plano \u00e9 leve, flex\u00edvel e dur\u00e1vel, sendo comumente encontrado em produtos leves e casuais.<\/div>","protected":false},"excerpt":{"rendered":"<div class=\"product-title\">\n<div id=\"module_title\">\n<div class=\"detail-title-section detail-mainscreen-center-grid J-ma-title-wrap\" data-spm-anchor-id=\"a2700.details.0.i20.236551e6ELb9zP\">\n<p data-spm-anchor-id=\"a2700.details.0.i14.98525dcffs1F6c\">Fita de veda\u00e7\u00e3o de alta frequ\u00eancia PVC TPU EVA com z\u00edper \u00e0 prova d&#039;\u00e1gua Bolsa com z\u00edper plano para bolsa selada<\/p>\n<div class=\"ma-tag-wrap\"><\/div>\n<p>&nbsp;<\/p>\n<div><\/div>\n<\/div>\n<\/div>\n<div id=\"module_activity_seller\"><\/div>\n<div id=\"module_glp\"><\/div>\n<div id=\"module_price\">\n<div class=\"widget-main-action\">\n<div class=\"ma-price-wrap\"><\/div>\n<\/div>\n<\/div>\n<\/div>","protected":false},"featured_media":6317,"comment_status":"open","ping_status":"closed","template":"","meta":{"_seopress_robots_primary_cat":"none","_seopress_titles_title":"%%post_title%% %%sitetitle%% %%sep%%","_seopress_titles_desc":"%%post_excerpt%%","_seopress_robots_index":""},"product_brand":[],"product_cat":[164],"product_tag":[],"class_list":{"0":"post-6314","1":"product","2":"type-product","3":"status-publish","4":"has-post-thumbnail","6":"product_cat-special-zipper","8":"first","9":"instock","10":"shipping-taxable","11":"product-type-simple"},"_links":{"self":[{"href":"https:\/\/zipper-factory.com\/pt\/wp-json\/wp\/v2\/product\/6314","targetHints":{"allow":["GET"]}}],"collection":[{"href":"https:\/\/zipper-factory.com\/pt\/wp-json\/wp\/v2\/product"}],"about":[{"href":"https:\/\/zipper-factory.com\/pt\/wp-json\/wp\/v2\/types\/product"}],"replies":[{"embeddable":true,"href":"https:\/\/zipper-factory.com\/pt\/wp-json\/wp\/v2\/comments?post=6314"}],"wp:featuredmedia":[{"embeddable":true,"href":"https:\/\/zipper-factory.com\/pt\/wp-json\/wp\/v2\/media\/6317"}],"wp:attachment":[{"href":"https:\/\/zipper-factory.com\/pt\/wp-json\/wp\/v2\/media?parent=6314"}],"wp:term":[{"taxonomy":"product_brand","embeddable":true,"href":"https:\/\/zipper-factory.com\/pt\/wp-json\/wp\/v2\/product_brand?post=6314"},{"taxonomy":"product_cat","embeddable":true,"href":"https:\/\/zipper-factory.com\/pt\/wp-json\/wp\/v2\/product_cat?post=6314"},{"taxonomy":"product_tag","embeddable":true,"href":"https:\/\/zipper-factory.com\/pt\/wp-json\/wp\/v2\/product_tag?post=6314"}],"curies":[{"name":"wp","href":"https:\/\/api.w.org\/{rel}","templated":true}]}}