{"id":6570,"date":"2023-11-20T15:12:01","date_gmt":"2023-11-20T07:12:01","guid":{"rendered":"https:\/\/zipper-factory.com\/?post_type=product&#038;p=6570"},"modified":"2023-11-20T15:23:21","modified_gmt":"2023-11-20T07:23:21","slug":"yg-metal-zipper","status":"publish","type":"product","link":"https:\/\/zipper-factory.com\/pt\/produto\/yg-metal-zipper\/","title":{"rendered":"Z\u00edper de metal YG"},"content":{"rendered":"<p data-spm-anchor-id=\"a2700.details.0.i14.6c4a77c4eA8YO6\">O z\u00edper met\u00e1lico YG \u00e9 um z\u00edper de alta qualidade feito de metal. Consiste em um cursor semiautom\u00e1tico especial de lat\u00e3o e um z\u00edper de lat\u00e3o. O z\u00edper met\u00e1lico YG possui alta durabilidade e estabilidade, suportando altas for\u00e7as de tra\u00e7\u00e3o. \u00c9 comumente usado em z\u00edperes de jeans e passa por testes de detec\u00e7\u00e3o de agulhas.<\/p>","protected":false},"excerpt":{"rendered":"<p title=\"Cal\u00e7a jeans com z\u00edper especial 4.5 YG Metal Zip Brass Cremallera Close-End Jeans Zipper\" data-spm-anchor-id=\"a2700.details.0.i90.7b7a72d7IStptL\">Cal\u00e7a jeans com z\u00edper especial 4.5 YG Metal Zip Brass Cremallera Close-End Jeans Zipper<\/p>","protected":false},"featured_media":6573,"comment_status":"open","ping_status":"closed","template":"","meta":{"_seopress_robots_primary_cat":"none","_seopress_titles_title":"%%post_title%% %%sitetitle%% %%sep%%","_seopress_titles_desc":"%%post_excerpt%%","_seopress_robots_index":""},"product_brand":[],"product_cat":[33],"product_tag":[171],"class_list":{"0":"post-6570","1":"product","2":"type-product","3":"status-publish","4":"has-post-thumbnail","6":"product_cat-metal-zipper","7":"product_tag-yg","9":"first","10":"instock","11":"shipping-taxable","12":"product-type-simple"},"_links":{"self":[{"href":"https:\/\/zipper-factory.com\/pt\/wp-json\/wp\/v2\/product\/6570","targetHints":{"allow":["GET"]}}],"collection":[{"href":"https:\/\/zipper-factory.com\/pt\/wp-json\/wp\/v2\/product"}],"about":[{"href":"https:\/\/zipper-factory.com\/pt\/wp-json\/wp\/v2\/types\/product"}],"replies":[{"embeddable":true,"href":"https:\/\/zipper-factory.com\/pt\/wp-json\/wp\/v2\/comments?post=6570"}],"wp:featuredmedia":[{"embeddable":true,"href":"https:\/\/zipper-factory.com\/pt\/wp-json\/wp\/v2\/media\/6573"}],"wp:attachment":[{"href":"https:\/\/zipper-factory.com\/pt\/wp-json\/wp\/v2\/media?parent=6570"}],"wp:term":[{"taxonomy":"product_brand","embeddable":true,"href":"https:\/\/zipper-factory.com\/pt\/wp-json\/wp\/v2\/product_brand?post=6570"},{"taxonomy":"product_cat","embeddable":true,"href":"https:\/\/zipper-factory.com\/pt\/wp-json\/wp\/v2\/product_cat?post=6570"},{"taxonomy":"product_tag","embeddable":true,"href":"https:\/\/zipper-factory.com\/pt\/wp-json\/wp\/v2\/product_tag?post=6570"}],"curies":[{"name":"wp","href":"https:\/\/api.w.org\/{rel}","templated":true}]}}