{"id":6574,"date":"2023-11-20T15:52:36","date_gmt":"2023-11-20T07:52:36","guid":{"rendered":"https:\/\/zipper-factory.com\/?post_type=product&#038;p=6574"},"modified":"2023-11-24T15:08:05","modified_gmt":"2023-11-24T07:08:05","slug":"waterproof-metal-zipper","status":"publish","type":"product","link":"https:\/\/zipper-factory.com\/pt\/produto\/waterproof-metal-zipper\/","title":{"rendered":"Z\u00edper de metal \u00e0 prova d&#039;\u00e1gua"},"content":{"rendered":"<p>O z\u00edper de metal \u00e0 prova d&#039;\u00e1gua tem v\u00e1rias vantagens:<\/p>\n<p>1. Alta durabilidade: O z\u00edper de metal \u00e0 prova d&#039;\u00e1gua \u00e9 feito de metal e tem alta durabilidade e resist\u00eancia, podendo suportar uso e pux\u00f5es a longo prazo.<\/p>\n<p>2. Bom desempenho \u00e0 prova d&#039;\u00e1gua: O z\u00edper de metal \u00e0 prova d&#039;\u00e1gua \u00e9 equipado com um design de veda\u00e7\u00e3o especial, que pode efetivamente impedir a penetra\u00e7\u00e3o de \u00e1gua e manter os itens internos secos.<\/p>\n<p>3. Forte resist\u00eancia \u00e0 corros\u00e3o: os materiais met\u00e1licos t\u00eam boa resist\u00eancia \u00e0 corros\u00e3o e podem resistir \u00e0 eros\u00e3o de umidade, \u00e1gua, produtos qu\u00edmicos, etc., prolongando assim a vida \u00fatil.<\/p>\n<p>4. Maior desempenho de veda\u00e7\u00e3o: A estrutura do z\u00edper de metal \u00e0 prova d&#039;\u00e1gua \u00e9 firme, o que pode proporcionar melhor efeito de veda\u00e7\u00e3o e evitar que a \u00e1gua entre no espa\u00e7o interno atrav\u00e9s do z\u00edper.<\/p>\n<p>5. Bom desempenho de tra\u00e7\u00e3o: o z\u00edper de metal tem maior resist\u00eancia \u00e0 tra\u00e7\u00e3o, n\u00e3o \u00e9 f\u00e1cil de deformar ou quebrar e pode suportar itens mais pesados.<\/p>\n<p>6. Ampla gama de aplica\u00e7\u00f5es: O z\u00edper de metal \u00e0 prova d&#039;\u00e1gua \u00e9 adequado para v\u00e1rios produtos para atividades ao ar livre, como jaquetas imperme\u00e1veis, mochilas, barracas, etc., e pode proteger itens internos contra danos causados pela \u00e1gua em condi\u00e7\u00f5es clim\u00e1ticas e ambientes adversos.<\/p>\n<p>Em resumo, o z\u00edper met\u00e1lico \u00e0 prova d&#039;\u00e1gua possui as vantagens de alta durabilidade, bom desempenho \u00e0 prova d&#039;\u00e1gua, alta resist\u00eancia \u00e0 corros\u00e3o e bom desempenho de veda\u00e7\u00e3o. \u00c9 adequado para diversos ambientes e produtos externos, sendo uma solu\u00e7\u00e3o confi\u00e1vel \u00e0 prova d&#039;\u00e1gua.<\/p>","protected":false},"excerpt":{"rendered":"<p class=\"search-card-e-title\" data-aplus-auto-card-mod=\"area=title&amp;areaContent=2row&amp;target=detail\" data-aplus-clk=\"x398_4a5c8d30\" data-spm-anchor-id=\"a2700.galleryofferlist.normal_offer.i213.7e102d20fk27jb\" data-aplus-ae=\"x424_10f0d5ef\">Z\u00edper de metal imperme\u00e1vel PU TPU PVC filme z\u00edper resistente \u00e0 \u00e1gua para jaqueta z\u00edperes estanques z\u00edper de metal \u00e0 prova d&#039;\u00e1gua<\/p>","protected":false},"featured_media":6584,"comment_status":"open","ping_status":"closed","template":"","meta":{"_seopress_robots_primary_cat":"none","_seopress_titles_title":"%%post_title%% %%sitetitle%% %%sep%%","_seopress_titles_desc":"%%post_excerpt%%","_seopress_robots_index":""},"product_brand":[],"product_cat":[33],"product_tag":[172],"class_list":{"0":"post-6574","1":"product","2":"type-product","3":"status-publish","4":"has-post-thumbnail","6":"product_cat-metal-zipper","7":"product_tag-metal-waterproof","9":"first","10":"instock","11":"shipping-taxable","12":"product-type-simple"},"_links":{"self":[{"href":"https:\/\/zipper-factory.com\/pt\/wp-json\/wp\/v2\/product\/6574","targetHints":{"allow":["GET"]}}],"collection":[{"href":"https:\/\/zipper-factory.com\/pt\/wp-json\/wp\/v2\/product"}],"about":[{"href":"https:\/\/zipper-factory.com\/pt\/wp-json\/wp\/v2\/types\/product"}],"replies":[{"embeddable":true,"href":"https:\/\/zipper-factory.com\/pt\/wp-json\/wp\/v2\/comments?post=6574"}],"wp:featuredmedia":[{"embeddable":true,"href":"https:\/\/zipper-factory.com\/pt\/wp-json\/wp\/v2\/media\/6584"}],"wp:attachment":[{"href":"https:\/\/zipper-factory.com\/pt\/wp-json\/wp\/v2\/media?parent=6574"}],"wp:term":[{"taxonomy":"product_brand","embeddable":true,"href":"https:\/\/zipper-factory.com\/pt\/wp-json\/wp\/v2\/product_brand?post=6574"},{"taxonomy":"product_cat","embeddable":true,"href":"https:\/\/zipper-factory.com\/pt\/wp-json\/wp\/v2\/product_cat?post=6574"},{"taxonomy":"product_tag","embeddable":true,"href":"https:\/\/zipper-factory.com\/pt\/wp-json\/wp\/v2\/product_tag?post=6574"}],"curies":[{"name":"wp","href":"https:\/\/api.w.org\/{rel}","templated":true}]}}