{"id":6585,"date":"2023-11-24T15:11:27","date_gmt":"2023-11-24T07:11:27","guid":{"rendered":"https:\/\/zipper-factory.com\/?post_type=product&#038;p=6585"},"modified":"2023-11-24T15:19:59","modified_gmt":"2023-11-24T07:19:59","slug":"two-way-metal-zipper","status":"publish","type":"product","link":"https:\/\/zipper-factory.com\/pt\/produto\/two-way-metal-zipper\/","title":{"rendered":"Z\u00edper de metal bidirecional"},"content":{"rendered":"<p>O z\u00edper de metal bidirecional tem v\u00e1rias vantagens<br \/>\nem rela\u00e7\u00e3o a outros tipos de z\u00edperes. Primeiramente, ele proporciona um fechamento mais forte e seguro em compara\u00e7\u00e3o com outros z\u00edperes. O recurso bidirecional permite que ele seja aberto e fechado por ambas as extremidades, o que \u00e9 especialmente \u00fatil para itens como jaquetas ou bolsas, onde voc\u00ea pode querer abrir o z\u00edper por cima ou por baixo.<\/p>\n<p>Em segundo lugar, o z\u00edper bidirecional de metal tamb\u00e9m \u00e9 mais dur\u00e1vel e duradouro. Os dentes de metal s\u00e3o normalmente feitos de um material resistente, como lat\u00e3o ou zinco, que resiste melhor ao desgaste do que z\u00edperes de pl\u00e1stico ou n\u00e1ilon. Isso o torna adequado para itens que exigem uso e movimenta\u00e7\u00e3o frequentes, como equipamentos para atividades ao ar livre ou roupas pesadas.<\/p>\n<p>Al\u00e9m disso, o z\u00edper de metal tamb\u00e9m tem um apelo est\u00e9tico mais amplo. Os dentes met\u00e1licos podem adicionar um visual elegante e sofisticado a uma pe\u00e7a de roupa ou acess\u00f3rio, tornando-o popular em itens de moda e produtos de alta qualidade.<\/p>\n<p>No geral, o z\u00edper met\u00e1lico bidirecional combina funcionalidade, durabilidade e estilo, tornando-o a escolha preferida para muitas aplica\u00e7\u00f5es.<\/p>","protected":false},"excerpt":{"rendered":"<p title=\"Venda imperd\u00edvel z\u00edper de lat\u00e3o aberto com z\u00edper bidirecional de metal e puxador duplo de metal Cremallera para jaqueta\" data-spm-anchor-id=\"a2700.details.0.i78.6b662d19WA3BI8\">Venda imperd\u00edvel z\u00edper de lat\u00e3o aberto com z\u00edper bidirecional de metal e puxador duplo de metal Cremallera para jaqueta<\/p>","protected":false},"featured_media":6586,"comment_status":"open","ping_status":"closed","template":"","meta":{"_seopress_robots_primary_cat":"none","_seopress_titles_title":"%%post_title%% %%sitetitle%% %%sep%%","_seopress_titles_desc":"%%post_excerpt%%","_seopress_robots_index":""},"product_brand":[],"product_cat":[33],"product_tag":[173],"class_list":{"0":"post-6585","1":"product","2":"type-product","3":"status-publish","4":"has-post-thumbnail","6":"product_cat-metal-zipper","7":"product_tag-two-way","9":"first","10":"instock","11":"shipping-taxable","12":"product-type-simple"},"_links":{"self":[{"href":"https:\/\/zipper-factory.com\/pt\/wp-json\/wp\/v2\/product\/6585","targetHints":{"allow":["GET"]}}],"collection":[{"href":"https:\/\/zipper-factory.com\/pt\/wp-json\/wp\/v2\/product"}],"about":[{"href":"https:\/\/zipper-factory.com\/pt\/wp-json\/wp\/v2\/types\/product"}],"replies":[{"embeddable":true,"href":"https:\/\/zipper-factory.com\/pt\/wp-json\/wp\/v2\/comments?post=6585"}],"wp:featuredmedia":[{"embeddable":true,"href":"https:\/\/zipper-factory.com\/pt\/wp-json\/wp\/v2\/media\/6586"}],"wp:attachment":[{"href":"https:\/\/zipper-factory.com\/pt\/wp-json\/wp\/v2\/media?parent=6585"}],"wp:term":[{"taxonomy":"product_brand","embeddable":true,"href":"https:\/\/zipper-factory.com\/pt\/wp-json\/wp\/v2\/product_brand?post=6585"},{"taxonomy":"product_cat","embeddable":true,"href":"https:\/\/zipper-factory.com\/pt\/wp-json\/wp\/v2\/product_cat?post=6585"},{"taxonomy":"product_tag","embeddable":true,"href":"https:\/\/zipper-factory.com\/pt\/wp-json\/wp\/v2\/product_tag?post=6585"}],"curies":[{"name":"wp","href":"https:\/\/api.w.org\/{rel}","templated":true}]}}