{"id":6595,"date":"2023-11-24T16:07:26","date_gmt":"2023-11-24T08:07:26","guid":{"rendered":"https:\/\/zipper-factory.com\/?post_type=product&#038;p=6595"},"modified":"2023-11-24T16:50:24","modified_gmt":"2023-11-24T08:50:24","slug":"golden-teeth-and-tape-metal-zipper","status":"publish","type":"product","link":"https:\/\/zipper-factory.com\/pt\/produto\/golden-teeth-and-tape-metal-zipper\/","title":{"rendered":"Z\u00edper de metal com dentes e fita dourada"},"content":{"rendered":"<p>O processo de produ\u00e7\u00e3o de fita prateada para z\u00edperes inclui as seguintes etapas:<\/p>\n<div><span data-spm-anchor-id=\"a2700.details.0.i87.72f4120eHhy43o\">1. Selecionar fio prateado como mat\u00e9ria-prima para a fita do z\u00edper. O fio prateado pode dar \u00e0 fita do z\u00edper um brilho met\u00e1lico. <\/span><\/div>\n<div>2. Tecer a fita em um tear ou m\u00e1quina de tecer. Ajuste os par\u00e2metros da m\u00e1quina de acordo com a largura e espessura desejadas para garantir a qualidade e as especifica\u00e7\u00f5es da fita.<\/div>\n<div data-spm-anchor-id=\"a2700.details.0.i86.72f4120eHhy43o\">3. Em seguida, por meio de t\u00e9cnicas de acabamento e prensagem, a superf\u00edcie da fita fica lisa e uniforme. Prensas quentes especiais ou ferros de passar podem ser usados para prensar a fita e obter o acabamento.<\/div>","protected":false},"excerpt":{"rendered":"<p title=\"Venda imperd\u00edvel z\u00edper de lat\u00e3o aberto com z\u00edper bidirecional de metal e puxador duplo de metal Cremallera para jaqueta\" data-spm-anchor-id=\"a2700.details.0.i78.6b662d19WA3BI8\">High Quality Golden Zipper Gold Metallic Luster Tape Golden Teeth Metal Zipper For Jacket<\/p>","protected":false},"featured_media":6607,"comment_status":"open","ping_status":"closed","template":"","meta":{"_seopress_robots_primary_cat":"none","_seopress_titles_title":"%%post_title%% %%sitetitle%% %%sep%%","_seopress_titles_desc":"%%post_excerpt%%","_seopress_robots_index":""},"product_brand":[],"product_cat":[33],"product_tag":[175],"class_list":{"0":"post-6595","1":"product","2":"type-product","3":"status-publish","4":"has-post-thumbnail","6":"product_cat-metal-zipper","7":"product_tag-golden","9":"first","10":"instock","11":"shipping-taxable","12":"product-type-simple"},"_links":{"self":[{"href":"https:\/\/zipper-factory.com\/pt\/wp-json\/wp\/v2\/product\/6595","targetHints":{"allow":["GET"]}}],"collection":[{"href":"https:\/\/zipper-factory.com\/pt\/wp-json\/wp\/v2\/product"}],"about":[{"href":"https:\/\/zipper-factory.com\/pt\/wp-json\/wp\/v2\/types\/product"}],"replies":[{"embeddable":true,"href":"https:\/\/zipper-factory.com\/pt\/wp-json\/wp\/v2\/comments?post=6595"}],"wp:featuredmedia":[{"embeddable":true,"href":"https:\/\/zipper-factory.com\/pt\/wp-json\/wp\/v2\/media\/6607"}],"wp:attachment":[{"href":"https:\/\/zipper-factory.com\/pt\/wp-json\/wp\/v2\/media?parent=6595"}],"wp:term":[{"taxonomy":"product_brand","embeddable":true,"href":"https:\/\/zipper-factory.com\/pt\/wp-json\/wp\/v2\/product_brand?post=6595"},{"taxonomy":"product_cat","embeddable":true,"href":"https:\/\/zipper-factory.com\/pt\/wp-json\/wp\/v2\/product_cat?post=6595"},{"taxonomy":"product_tag","embeddable":true,"href":"https:\/\/zipper-factory.com\/pt\/wp-json\/wp\/v2\/product_tag?post=6595"}],"curies":[{"name":"wp","href":"https:\/\/api.w.org\/{rel}","templated":true}]}}