{"id":6611,"date":"2023-11-24T16:52:50","date_gmt":"2023-11-24T08:52:50","guid":{"rendered":"https:\/\/zipper-factory.com\/?post_type=product&#038;p=6611"},"modified":"2023-11-24T16:56:04","modified_gmt":"2023-11-24T08:56:04","slug":"silk-tape-metal-zipper","status":"publish","type":"product","link":"https:\/\/zipper-factory.com\/pt\/produto\/silk-tape-metal-zipper\/","title":{"rendered":"Z\u00edper de metal com fita de seda"},"content":{"rendered":"<p>Z\u00edperes de seda s\u00e3o comumente usados nos seguintes cen\u00e1rios:<\/p>\n<p>1. Vestu\u00e1rio: Z\u00edperes de seda s\u00e3o comumente encontrados em uniformes de seda, vestidos de seda, camisas de seda e outras pe\u00e7as de vestu\u00e1rio. Eles podem ajudar a ajustar o caimento da pe\u00e7a e facilitar a coloca\u00e7\u00e3o e a retirada.<\/p>\n<p>2. Cortinas de janela: z\u00edperes de seda s\u00e3o adequados para hot\u00e9is de luxo ou sofisticados, locais de decora\u00e7\u00e3o de interiores e cortinas de janela. Ao puxar o z\u00edper, a abertura e o fechamento das cortinas podem ser ajustados, permitindo f\u00e1cil controle da luminosidade.<\/p>\n<p>3. Carteiras e bolsas: Z\u00edperes de seda s\u00e3o comumente usados em bolsas, carteiras e outros produtos de couro de alta qualidade. Eles proporcionam um z\u00edper suave e real\u00e7am a est\u00e9tica do produto.<\/p>\n<p>4. Roupa de cama: Z\u00edperes de seda tamb\u00e9m podem ser usados em roupas de cama, como capas de edredom e fronhas. Eles podem prender a roupa de cama \u00e0 cama de forma conveniente e evitar que escorregue. Estes s\u00e3o apenas alguns usos comuns dos z\u00edperes de seda.<\/p>\n<p>Na verdade, devido \u00e0 textura macia e brilhante, bem como ao toque elegante da seda, os z\u00edperes de seda s\u00e3o frequentemente encontrados em produtos de marcas de luxo e de alta qualidade.<\/p>","protected":false},"excerpt":{"rendered":"<div class=\"module_title\">\n<div class=\"product-title-container\" data-aplus-ae=\"x1_575504cc\" data-spm-anchor-id=\"a2700.details.0.i0.2d4b2decknCDcl\" data-aplus-clk=\"x26_de86043\">\n<p title=\"Z\u00edperes de fita de seda de alta qualidade com toque suave e z\u00edper de metal de seda de alta qualidade para bolsa\" data-spm-anchor-id=\"a2700.details.0.i68.2d4b2decknCDcl\">Z\u00edperes de fita de seda de alta qualidade com toque suave e z\u00edper de metal de seda de alta qualidade para bolsa<\/p>\n<\/div>\n<\/div>","protected":false},"featured_media":6615,"comment_status":"open","ping_status":"closed","template":"","meta":{"_seopress_robots_primary_cat":"none","_seopress_titles_title":"%%post_title%% %%sitetitle%% %%sep%%","_seopress_titles_desc":"%%post_excerpt%%","_seopress_robots_index":""},"product_brand":[],"product_cat":[33],"product_tag":[177],"class_list":{"0":"post-6611","1":"product","2":"type-product","3":"status-publish","4":"has-post-thumbnail","6":"product_cat-metal-zipper","7":"product_tag-silk","9":"first","10":"instock","11":"shipping-taxable","12":"product-type-simple"},"_links":{"self":[{"href":"https:\/\/zipper-factory.com\/pt\/wp-json\/wp\/v2\/product\/6611","targetHints":{"allow":["GET"]}}],"collection":[{"href":"https:\/\/zipper-factory.com\/pt\/wp-json\/wp\/v2\/product"}],"about":[{"href":"https:\/\/zipper-factory.com\/pt\/wp-json\/wp\/v2\/types\/product"}],"replies":[{"embeddable":true,"href":"https:\/\/zipper-factory.com\/pt\/wp-json\/wp\/v2\/comments?post=6611"}],"wp:featuredmedia":[{"embeddable":true,"href":"https:\/\/zipper-factory.com\/pt\/wp-json\/wp\/v2\/media\/6615"}],"wp:attachment":[{"href":"https:\/\/zipper-factory.com\/pt\/wp-json\/wp\/v2\/media?parent=6611"}],"wp:term":[{"taxonomy":"product_brand","embeddable":true,"href":"https:\/\/zipper-factory.com\/pt\/wp-json\/wp\/v2\/product_brand?post=6611"},{"taxonomy":"product_cat","embeddable":true,"href":"https:\/\/zipper-factory.com\/pt\/wp-json\/wp\/v2\/product_cat?post=6611"},{"taxonomy":"product_tag","embeddable":true,"href":"https:\/\/zipper-factory.com\/pt\/wp-json\/wp\/v2\/product_tag?post=6611"}],"curies":[{"name":"wp","href":"https:\/\/api.w.org\/{rel}","templated":true}]}}