{"id":6649,"date":"2023-12-01T16:13:05","date_gmt":"2023-12-01T08:13:05","guid":{"rendered":"https:\/\/zipper-factory.com\/?post_type=product&#038;p=6649"},"modified":"2023-12-01T16:29:38","modified_gmt":"2023-12-01T08:29:38","slug":"airtight-zipper","status":"publish","type":"product","link":"https:\/\/zipper-factory.com\/pt\/produto\/airtight-zipper\/","title":{"rendered":"z\u00edper herm\u00e9tico"},"content":{"rendered":"<p>A diferen\u00e7a entre z\u00edperes \u00e0 prova d&#039;\u00e1gua e herm\u00e9ticos<\/p>\n<p>Os z\u00edperes imperme\u00e1veis alcan\u00e7am sua fun\u00e7\u00e3o de impermeabiliza\u00e7\u00e3o adicionando revestimentos especiais ou camadas de pel\u00edcula imperme\u00e1vel. Esses revestimentos ou camadas podem impedir a penetra\u00e7\u00e3o de \u00e1gua no z\u00edper, mas os z\u00edperes imperme\u00e1veis s\u00f3 conseguem a fun\u00e7\u00e3o de prote\u00e7\u00e3o contra respingos e n\u00e3o podem garantir que a \u00e1gua n\u00e3o entre no interior.<\/p>\n<p>J\u00e1 os z\u00edperes herm\u00e9ticos s\u00e3o aqueles que impedem eficazmente a entrada de g\u00e1s. Gra\u00e7as a designs especiais, as aberturas do z\u00edper podem ser seladas, impedindo a entrada de g\u00e1s no interior.<\/p>\n<p>Os z\u00edperes imperme\u00e1veis protegem contra a \u00e1gua da chuva apenas no dia a dia e s\u00e3o \u00e0 prova de respingos. Suas vantagens s\u00e3o o baixo custo e a leveza, sendo comumente usados em roupas e mochilas. Os z\u00edperes herm\u00e9ticos t\u00eam maior desempenho de veda\u00e7\u00e3o do que os imperme\u00e1veis, mas s\u00e3o mais caros e usados principalmente em \u00e1reas profissionais, como roupas de mergulho.<\/p>","protected":false},"excerpt":{"rendered":"<div class=\"product-title\">\n<div id=\"module_title\">\n<div class=\"detail-title-section detail-mainscreen-center-grid J-ma-title-wrap\" data-spm-anchor-id=\"a2700.details.0.i20.236551e6ELb9zP\">\n<p title=\"Atacado personalizado de alta qualidade PVC z\u00edper imperme\u00e1vel z\u00edper herm\u00e9tico\" data-spm-anchor-id=\"a2700.details.0.i84.7efe4546bPDv4r\">Atacado personalizado de alta qualidade PVC z\u00edper imperme\u00e1vel herm\u00e9tico z\u00edper<\/p>\n<div class=\"ma-tag-wrap\"><\/div>\n<p>&nbsp;<\/p>\n<div><\/div>\n<\/div>\n<\/div>\n<div id=\"module_activity_seller\"><\/div>\n<div id=\"module_glp\"><\/div>\n<div id=\"module_price\">\n<div class=\"widget-main-action\">\n<div class=\"ma-price-wrap\"><\/div>\n<\/div>\n<\/div>\n<\/div>","protected":false},"featured_media":6641,"comment_status":"open","ping_status":"closed","template":"","meta":{"_seopress_robots_primary_cat":"none","_seopress_titles_title":"%%post_title%% %%sitetitle%% %%sep%%","_seopress_titles_desc":"%%post_excerpt%%","_seopress_robots_index":""},"product_brand":[],"product_cat":[178,164,111],"product_tag":[179],"class_list":{"0":"post-6649","1":"product","2":"type-product","3":"status-publish","4":"has-post-thumbnail","6":"product_cat-airtight-zipper","7":"product_cat-special-zipper","8":"product_cat-waterproof-zipper","9":"product_tag-airtight","11":"first","12":"instock","13":"shipping-taxable","14":"product-type-simple"},"_links":{"self":[{"href":"https:\/\/zipper-factory.com\/pt\/wp-json\/wp\/v2\/product\/6649","targetHints":{"allow":["GET"]}}],"collection":[{"href":"https:\/\/zipper-factory.com\/pt\/wp-json\/wp\/v2\/product"}],"about":[{"href":"https:\/\/zipper-factory.com\/pt\/wp-json\/wp\/v2\/types\/product"}],"replies":[{"embeddable":true,"href":"https:\/\/zipper-factory.com\/pt\/wp-json\/wp\/v2\/comments?post=6649"}],"wp:featuredmedia":[{"embeddable":true,"href":"https:\/\/zipper-factory.com\/pt\/wp-json\/wp\/v2\/media\/6641"}],"wp:attachment":[{"href":"https:\/\/zipper-factory.com\/pt\/wp-json\/wp\/v2\/media?parent=6649"}],"wp:term":[{"taxonomy":"product_brand","embeddable":true,"href":"https:\/\/zipper-factory.com\/pt\/wp-json\/wp\/v2\/product_brand?post=6649"},{"taxonomy":"product_cat","embeddable":true,"href":"https:\/\/zipper-factory.com\/pt\/wp-json\/wp\/v2\/product_cat?post=6649"},{"taxonomy":"product_tag","embeddable":true,"href":"https:\/\/zipper-factory.com\/pt\/wp-json\/wp\/v2\/product_tag?post=6649"}],"curies":[{"name":"wp","href":"https:\/\/api.w.org\/{rel}","templated":true}]}}