{"id":6683,"date":"2023-12-08T15:48:22","date_gmt":"2023-12-08T07:48:22","guid":{"rendered":"https:\/\/zipper-factory.com\/?post_type=product&#038;p=6683"},"modified":"2023-12-08T15:52:42","modified_gmt":"2023-12-08T07:52:42","slug":"reflective-nylon-zipper","status":"publish","type":"product","link":"https:\/\/zipper-factory.com\/pt\/produto\/reflective-nylon-zipper\/","title":{"rendered":"Z\u00edper de nylon refletivo"},"content":{"rendered":"<p data-spm-anchor-id=\"a2700.details.0.i19.8e56d888QA8di3\"><span data-spm-anchor-id=\"a2700.details.0.i76.5ba350f3BUAqfz\">Qual \u00e9 a finalidade de um z\u00edper refletivo?<\/span><\/p>\n<div><span data-spm-anchor-id=\"a2700.details.0.i77.5ba350f3BUAqfz\"> Um z\u00edper refletivo \u00e9 um tipo de z\u00edper com propriedades reflexivas. Seu principal objetivo \u00e9 melhorar a visibilidade e a seguran\u00e7a de pessoas em condi\u00e7\u00f5es de pouca luz ou \u00e0 noite. Aqui est\u00e3o alguns usos espec\u00edficos:<\/span><\/div>\n<div><span data-spm-anchor-id=\"a2700.details.0.i77.5ba350f3BUAqfz\"> 1. Vestu\u00e1rio de prote\u00e7\u00e3o e trabalho: Z\u00edperes refletivos podem ser aplicados em diversas roupas de prote\u00e7\u00e3o e trabalho, como as usadas por motoristas, bombeiros e oper\u00e1rios da constru\u00e7\u00e3o civil. Ao refletir a luz, eles ajudam a alertar motoristas e outras pessoas sobre sua presen\u00e7a, reduzindo o risco de acidentes.<\/span><\/div>\n<div><span data-spm-anchor-id=\"a2700.details.0.i77.5ba350f3BUAqfz\"> 2. Trajes esportivos: Z\u00edperes refletivos tamb\u00e9m s\u00e3o comumente usados em roupas esportivas, como camisetas de corrida e ciclismo. Em ambientes com pouca ilumina\u00e7\u00e3o, como \u00e0 noite ou de manh\u00e3 cedo, o z\u00edper refletivo pode alertar motoristas e outros pedestres, melhorando a visibilidade e reduzindo o risco de acidentes de tr\u00e2nsito.<\/span><\/div>\n<div><span data-spm-anchor-id=\"a2700.details.0.i77.5ba350f3BUAqfz\"> 3. Itens dom\u00e9sticos: alguns itens para atividades ao ar livre, como mochilas e barracas, tamb\u00e9m podem utilizar z\u00edperes refletivos, facilitando sua localiza\u00e7\u00e3o em ambientes escuros.<\/span><\/div>\n<div><span data-spm-anchor-id=\"a2700.details.0.i77.5ba350f3BUAqfz\"> Em resumo, o objetivo de um z\u00edper refletivo \u00e9 melhorar a visibilidade e a seguran\u00e7a das pessoas, reduzindo a ocorr\u00eancia de acidentes de tr\u00e2nsito.<\/span><\/div>","protected":false},"excerpt":{"rendered":"<div class=\"product-title\">\n<div id=\"module_title\">\n<div class=\"detail-title-section detail-mainscreen-center-grid J-ma-title-wrap\" data-spm-anchor-id=\"a2700.details.0.i20.236551e6ELb9zP\">\n<p data-spm-anchor-id=\"a2700.details.0.i15.27c42038MVaKVl\">Z\u00edper de nylon refletivo de alto brilho 3# 5# 8# para roupas refletivas com z\u00edper de nylon para mochila<\/p>\n<\/div>\n<\/div>\n<\/div>","protected":false},"featured_media":6684,"comment_status":"open","ping_status":"closed","template":"","meta":{"_seopress_robots_primary_cat":"none","_seopress_titles_title":"%%post_title%% %%sitetitle%% %%sep%%","_seopress_titles_desc":"%%post_excerpt%%","_seopress_robots_index":""},"product_brand":[],"product_cat":[40],"product_tag":[180],"class_list":{"0":"post-6683","1":"product","2":"type-product","3":"status-publish","4":"has-post-thumbnail","6":"product_cat-nylon-zipper","7":"product_tag-reflective","9":"first","10":"instock","11":"shipping-taxable","12":"product-type-simple"},"_links":{"self":[{"href":"https:\/\/zipper-factory.com\/pt\/wp-json\/wp\/v2\/product\/6683","targetHints":{"allow":["GET"]}}],"collection":[{"href":"https:\/\/zipper-factory.com\/pt\/wp-json\/wp\/v2\/product"}],"about":[{"href":"https:\/\/zipper-factory.com\/pt\/wp-json\/wp\/v2\/types\/product"}],"replies":[{"embeddable":true,"href":"https:\/\/zipper-factory.com\/pt\/wp-json\/wp\/v2\/comments?post=6683"}],"wp:featuredmedia":[{"embeddable":true,"href":"https:\/\/zipper-factory.com\/pt\/wp-json\/wp\/v2\/media\/6684"}],"wp:attachment":[{"href":"https:\/\/zipper-factory.com\/pt\/wp-json\/wp\/v2\/media?parent=6683"}],"wp:term":[{"taxonomy":"product_brand","embeddable":true,"href":"https:\/\/zipper-factory.com\/pt\/wp-json\/wp\/v2\/product_brand?post=6683"},{"taxonomy":"product_cat","embeddable":true,"href":"https:\/\/zipper-factory.com\/pt\/wp-json\/wp\/v2\/product_cat?post=6683"},{"taxonomy":"product_tag","embeddable":true,"href":"https:\/\/zipper-factory.com\/pt\/wp-json\/wp\/v2\/product_tag?post=6683"}],"curies":[{"name":"wp","href":"https:\/\/api.w.org\/{rel}","templated":true}]}}