{"id":6745,"date":"2023-12-18T17:30:45","date_gmt":"2023-12-18T09:30:45","guid":{"rendered":"https:\/\/zipper-factory.com\/?post_type=product&#038;p=6745"},"modified":"2024-03-11T14:18:54","modified_gmt":"2024-03-11T06:18:54","slug":"lace-metal-zipper","status":"publish","type":"product","link":"https:\/\/zipper-factory.com\/pt\/produto\/lace-metal-zipper\/","title":{"rendered":"Z\u00edper de metal com renda"},"content":{"rendered":"<p>Existem in\u00fameras utiliza\u00e7\u00f5es para z\u00edperes met\u00e1licos estilo renda.<br \/>\n1. Roupas e acess\u00f3rios: Z\u00edperes de metal com fita de renda s\u00e3o frequentemente usados para abrir e fechar pe\u00e7as de roupa, incluindo golas, bolsos e c\u00f3s de cal\u00e7as. Eles desempenham fun\u00e7\u00f5es de fechamento seguras, pr\u00e1ticas e visualmente bonitas.<br \/>\n2. Cal\u00e7ados: Cal\u00e7ados esportivos, botas e sand\u00e1lias s\u00e3o apenas alguns exemplos de cal\u00e7ados que frequentemente apresentam z\u00edperes de cadar\u00e7o. Eles servem para modificar o ajuste do cal\u00e7ado, o que facilita a coloca\u00e7\u00e3o e a retirada do cal\u00e7ado.<br \/>\n3. Bolsas e bagagens: Para aumentar a conveni\u00eancia e a seguran\u00e7a, z\u00edperes de metal com cadar\u00e7o s\u00e3o frequentemente usados para fechar bolsas e bagagens.<br \/>\n4. M\u00f3veis e utens\u00edlios dom\u00e9sticos: Sof\u00e1s e outros m\u00f3veis e utens\u00edlios dom\u00e9sticos podem ser equipados com z\u00edperes de metal com renda.<\/p>","protected":false},"excerpt":{"rendered":"<p title=\"Fita decorativa com z\u00edper em formato de flor para mulheres, jaqueta de couro com z\u00edper de metal e renda, cal\u00e7ados femininos\" data-spm-anchor-id=\"a2700.details.0.i0.27e376871gPOpa\">Fita decorativa com z\u00edper em formato de flor para mulheres, jaqueta de couro com z\u00edper de metal e renda, cal\u00e7ados femininos<\/p>","protected":false},"featured_media":6748,"comment_status":"open","ping_status":"closed","template":"","meta":{"_seopress_robots_primary_cat":"none","_seopress_titles_title":"%%post_title%% %%sitetitle%% %%sep%%","_seopress_titles_desc":"%%post_excerpt%%","_seopress_robots_index":""},"product_brand":[],"product_cat":[33],"product_tag":[183],"class_list":{"0":"post-6745","1":"product","2":"type-product","3":"status-publish","4":"has-post-thumbnail","6":"product_cat-metal-zipper","7":"product_tag-lace","9":"first","10":"instock","11":"shipping-taxable","12":"product-type-simple"},"_links":{"self":[{"href":"https:\/\/zipper-factory.com\/pt\/wp-json\/wp\/v2\/product\/6745","targetHints":{"allow":["GET"]}}],"collection":[{"href":"https:\/\/zipper-factory.com\/pt\/wp-json\/wp\/v2\/product"}],"about":[{"href":"https:\/\/zipper-factory.com\/pt\/wp-json\/wp\/v2\/types\/product"}],"replies":[{"embeddable":true,"href":"https:\/\/zipper-factory.com\/pt\/wp-json\/wp\/v2\/comments?post=6745"}],"wp:featuredmedia":[{"embeddable":true,"href":"https:\/\/zipper-factory.com\/pt\/wp-json\/wp\/v2\/media\/6748"}],"wp:attachment":[{"href":"https:\/\/zipper-factory.com\/pt\/wp-json\/wp\/v2\/media?parent=6745"}],"wp:term":[{"taxonomy":"product_brand","embeddable":true,"href":"https:\/\/zipper-factory.com\/pt\/wp-json\/wp\/v2\/product_brand?post=6745"},{"taxonomy":"product_cat","embeddable":true,"href":"https:\/\/zipper-factory.com\/pt\/wp-json\/wp\/v2\/product_cat?post=6745"},{"taxonomy":"product_tag","embeddable":true,"href":"https:\/\/zipper-factory.com\/pt\/wp-json\/wp\/v2\/product_tag?post=6745"}],"curies":[{"name":"wp","href":"https:\/\/api.w.org\/{rel}","templated":true}]}}