{"id":6749,"date":"2023-12-20T15:14:08","date_gmt":"2023-12-20T07:14:08","guid":{"rendered":"https:\/\/zipper-factory.com\/?post_type=product&#038;p=6749"},"modified":"2023-12-20T16:13:35","modified_gmt":"2023-12-20T08:13:35","slug":"large-metal-zipper","status":"publish","type":"product","link":"https:\/\/zipper-factory.com\/pt\/produto\/large-metal-zipper\/","title":{"rendered":"Z\u00edper grande de metal"},"content":{"rendered":"<p>As vantagens de um z\u00edper grande de metal s\u00e3o sua durabilidade, boa resist\u00eancia a rasgos e capacidade de permanecer fechado sem se desfazer facilmente. Ele tem uma longa vida \u00fatil e n\u00e3o se danifica facilmente. Al\u00e9m disso, um z\u00edper grande de metal geralmente oferece uma sensa\u00e7\u00e3o de melhor qualidade, adicionando uma apar\u00eancia elegante e sofisticada \u00e0s roupas.<br \/>\nZ\u00edperes grandes de metal s\u00e3o comumente usados em pe\u00e7as de vestu\u00e1rio de alta qualidade, como jaquetas, casacos e jaquetas de plumas, para real\u00e7ar a moda e a sofistica\u00e7\u00e3o das pe\u00e7as. Tamb\u00e9m s\u00e3o utilizados na produ\u00e7\u00e3o de botas para aprimorar a apar\u00eancia e a qualidade, al\u00e9m de aumentar a estabilidade e a durabilidade. Al\u00e9m disso, z\u00edperes grandes de metal s\u00e3o usados em m\u00f3veis e bolsas, adicionando personalidade e qualidade \u00fanicas \u00e0 decora\u00e7\u00e3o da casa.<\/p>","protected":false},"excerpt":{"rendered":"<p title=\"Fita decorativa com z\u00edper em formato de flor para mulheres, jaqueta de couro com z\u00edper de metal e renda, cal\u00e7ados femininos\" data-spm-anchor-id=\"a2700.details.0.i0.27e376871gPOpa\">Fita decorativa com z\u00edper em formato de flor para mulheres, jaqueta de couro com z\u00edper de metal e renda, cal\u00e7ados femininos<\/p>","protected":false},"featured_media":6750,"comment_status":"open","ping_status":"closed","template":"","meta":{"_seopress_robots_primary_cat":"none","_seopress_titles_title":"%%post_title%% %%sitetitle%% %%sep%%","_seopress_titles_desc":"%%post_excerpt%%","_seopress_robots_index":""},"product_brand":[],"product_cat":[33],"product_tag":[184],"class_list":{"0":"post-6749","1":"product","2":"type-product","3":"status-publish","4":"has-post-thumbnail","6":"product_cat-metal-zipper","7":"product_tag-large","9":"first","10":"instock","11":"shipping-taxable","12":"product-type-simple"},"_links":{"self":[{"href":"https:\/\/zipper-factory.com\/pt\/wp-json\/wp\/v2\/product\/6749","targetHints":{"allow":["GET"]}}],"collection":[{"href":"https:\/\/zipper-factory.com\/pt\/wp-json\/wp\/v2\/product"}],"about":[{"href":"https:\/\/zipper-factory.com\/pt\/wp-json\/wp\/v2\/types\/product"}],"replies":[{"embeddable":true,"href":"https:\/\/zipper-factory.com\/pt\/wp-json\/wp\/v2\/comments?post=6749"}],"wp:featuredmedia":[{"embeddable":true,"href":"https:\/\/zipper-factory.com\/pt\/wp-json\/wp\/v2\/media\/6750"}],"wp:attachment":[{"href":"https:\/\/zipper-factory.com\/pt\/wp-json\/wp\/v2\/media?parent=6749"}],"wp:term":[{"taxonomy":"product_brand","embeddable":true,"href":"https:\/\/zipper-factory.com\/pt\/wp-json\/wp\/v2\/product_brand?post=6749"},{"taxonomy":"product_cat","embeddable":true,"href":"https:\/\/zipper-factory.com\/pt\/wp-json\/wp\/v2\/product_cat?post=6749"},{"taxonomy":"product_tag","embeddable":true,"href":"https:\/\/zipper-factory.com\/pt\/wp-json\/wp\/v2\/product_tag?post=6749"}],"curies":[{"name":"wp","href":"https:\/\/api.w.org\/{rel}","templated":true}]}}