{"id":6811,"date":"2024-03-11T15:08:29","date_gmt":"2024-03-11T07:08:29","guid":{"rendered":"https:\/\/zipper-factory.com\/?post_type=product&#038;p=6811"},"modified":"2024-03-11T15:12:16","modified_gmt":"2024-03-11T07:12:16","slug":"nylon-zipper-top-stopper-machine","status":"publish","type":"product","link":"https:\/\/zipper-factory.com\/pt\/produto\/nylon-zipper-top-stopper-machine\/","title":{"rendered":"M\u00e1quina de fechamento superior com z\u00edper de nylon"},"content":{"rendered":"<p>Apresentamos nossa moderna M\u00e1quina de Instala\u00e7\u00e3o de Z\u00edperes de Nylon para Tampas Superiores, projetada para agilizar o processo de instala\u00e7\u00e3o e garantir qualidade impec\u00e1vel em cada z\u00edper produzido. Esta m\u00e1quina inovadora \u00e9 um divisor de \u00e1guas para os fabricantes da ind\u00fastria t\u00eaxtil, proporcionando instala\u00e7\u00e3o eficiente e precisa de tampas superiores para z\u00edperes de nylon.<\/p>\n<p>Com sua tecnologia avan\u00e7ada e interface intuitiva, nossa M\u00e1quina de Instala\u00e7\u00e3o de Z\u00edperes de Nylon para Tampas Superiores oferece desempenho e confiabilidade incompar\u00e1veis. Equipada com recursos de ponta que permitem uma opera\u00e7\u00e3o perfeita, ela \u00e9 o complemento perfeito para qualquer linha de produ\u00e7\u00e3o.<\/p>\n<p>Uma das principais caracter\u00edsticas da nossa m\u00e1quina \u00e9 a sua versatilidade. Ela \u00e9 compat\u00edvel com uma ampla gama de z\u00edperes de nylon, atendendo a diferentes tamanhos e estilos. Seja para instalar travas superiores em z\u00edperes de roupas, bolsas ou acess\u00f3rios, nossa m\u00e1quina pode lidar com tudo isso com facilidade.<\/p>\n<p>Nossa M\u00e1quina de Instala\u00e7\u00e3o de Z\u00edperes de Nylon para Tampas Superiores foi projetada para precis\u00e3o e efici\u00eancia. Ela garante o posicionamento consistente das tampas superiores, eliminando qualquer margem para erros. Isso resulta em um acabamento impec\u00e1vel e aprimora a qualidade geral do z\u00edper, atendendo aos mais altos padr\u00f5es da ind\u00fastria.<\/p>\n<p>Al\u00e9m disso, nossa m\u00e1quina \u00e9 constru\u00edda para durar. Ela \u00e9 feita de materiais dur\u00e1veis e incorpora componentes robustos, garantindo desempenho duradouro e requisitos m\u00ednimos de manuten\u00e7\u00e3o. Seu design ergon\u00f4mico tamb\u00e9m promove o conforto e a seguran\u00e7a do operador, reduzindo o risco de fadiga ou acidentes.<\/p>\n<p>Investir em nossa M\u00e1quina de Instala\u00e7\u00e3o de Z\u00edperes de Nylon para Tampas Superiores n\u00e3o s\u00f3 otimizar\u00e1 seu processo de produ\u00e7\u00e3o, como tamb\u00e9m aprimorar\u00e1 a qualidade geral dos seus z\u00edperes de nylon. Fique \u00e0 frente da concorr\u00eancia com esta tecnologia de ponta que garante precis\u00e3o, efici\u00eancia e durabilidade.<\/p>","protected":false},"excerpt":{"rendered":"<p title=\"M\u00e1quina de fechamento superior de z\u00edper de nylon totalmente autom\u00e1tica M\u00e1quina de fechamento superior tipo U ultrass\u00f4nica adequada para z\u00edper com acabamento em nylon\" data-spm-anchor-id=\"a2700.details.0.i48.451d48b93Hj6r5\">M\u00e1quina de fechamento superior de z\u00edper de nylon totalmente autom\u00e1tica M\u00e1quina de fechamento superior tipo U ultrass\u00f4nica adequada para z\u00edper com acabamento em nylon<\/p>\n<p title=\"M\u00e1quina de fechamento superior de z\u00edper de metal totalmente autom\u00e1tica, tipo europeu, adequada para z\u00edper com acabamento em metal\" data-spm-anchor-id=\"a2700.details.0.i57.38fe70e2zWL7bQ\">O produto \u00e9 uma m\u00e1quina do modelo HJM-104NA-U, adequada para tens\u00e3o de 220 VCA, com pot\u00eancia de 1,2 kW. A m\u00e1quina pode produzir em m\u00e9dia 1.200 50 cm por hora, com peso l\u00edquido de 200 kg e dimens\u00f5es de 75 cm x 80 cm x 176 cm. A m\u00e1quina \u00e9 adequada para produtos com especifica\u00e7\u00f5es 3#N, 4#N e 5#N.<\/p>","protected":false},"featured_media":6812,"comment_status":"open","ping_status":"closed","template":"","meta":{"_seopress_robots_primary_cat":"none","_seopress_titles_title":"%%post_title%% %%sitetitle%% %%sep%%","_seopress_titles_desc":"%%post_excerpt%%","_seopress_robots_index":""},"product_brand":[],"product_cat":[186],"product_tag":[],"class_list":{"0":"post-6811","1":"product","2":"type-product","3":"status-publish","4":"has-post-thumbnail","6":"product_cat-zipper-machine","8":"first","9":"instock","10":"shipping-taxable","11":"product-type-simple"},"_links":{"self":[{"href":"https:\/\/zipper-factory.com\/pt\/wp-json\/wp\/v2\/product\/6811","targetHints":{"allow":["GET"]}}],"collection":[{"href":"https:\/\/zipper-factory.com\/pt\/wp-json\/wp\/v2\/product"}],"about":[{"href":"https:\/\/zipper-factory.com\/pt\/wp-json\/wp\/v2\/types\/product"}],"replies":[{"embeddable":true,"href":"https:\/\/zipper-factory.com\/pt\/wp-json\/wp\/v2\/comments?post=6811"}],"wp:featuredmedia":[{"embeddable":true,"href":"https:\/\/zipper-factory.com\/pt\/wp-json\/wp\/v2\/media\/6812"}],"wp:attachment":[{"href":"https:\/\/zipper-factory.com\/pt\/wp-json\/wp\/v2\/media?parent=6811"}],"wp:term":[{"taxonomy":"product_brand","embeddable":true,"href":"https:\/\/zipper-factory.com\/pt\/wp-json\/wp\/v2\/product_brand?post=6811"},{"taxonomy":"product_cat","embeddable":true,"href":"https:\/\/zipper-factory.com\/pt\/wp-json\/wp\/v2\/product_cat?post=6811"},{"taxonomy":"product_tag","embeddable":true,"href":"https:\/\/zipper-factory.com\/pt\/wp-json\/wp\/v2\/product_tag?post=6811"}],"curies":[{"name":"wp","href":"https:\/\/api.w.org\/{rel}","templated":true}]}}