{"id":7101,"date":"2024-04-01T15:15:20","date_gmt":"2024-04-01T07:15:20","guid":{"rendered":"https:\/\/zipper-factory.com\/?post_type=product&#038;p=7101"},"modified":"2024-04-01T15:24:46","modified_gmt":"2024-04-01T07:24:46","slug":"stainless-steel-zipper","status":"publish","type":"product","link":"https:\/\/zipper-factory.com\/pt\/produto\/stainless-steel-zipper\/","title":{"rendered":"Z\u00edper de a\u00e7o inoxid\u00e1vel"},"content":{"rendered":"<h2>Apresentando nosso z\u00edper de a\u00e7o inoxid\u00e1vel<\/h2>\n<p>Atualize suas roupas e acess\u00f3rios com nosso z\u00edper de a\u00e7o inoxid\u00e1vel de alta qualidade. Fabricado com precis\u00e3o e durabilidade em mente, nosso z\u00edper oferece uma est\u00e9tica elegante e moderna, garantindo um fechamento seguro.<\/p>\n<p>Projetado para ser moderno e funcional, nosso z\u00edper de a\u00e7o inoxid\u00e1vel \u00e9 perfeito para uma ampla gama de aplica\u00e7\u00f5es, incluindo jaquetas, bolsas, mochilas e muito mais. Suas propriedades anticorrosivas o tornam ideal para roupas para atividades ao ar livre e imperme\u00e1veis, proporcionando desempenho duradouro mesmo em condi\u00e7\u00f5es desafiadoras.<\/p>\n<p>Com seu funcionamento suave e sem emendas, nosso z\u00edper de a\u00e7o inoxid\u00e1vel garante abertura e fechamento sem esfor\u00e7o, permitindo que voc\u00ea acesse seus pertences com facilidade. Os dentes e o cursor resistentes garantem uma experi\u00eancia confi\u00e1vel e sem enroscos, facilitando o fechamento dos seus itens favoritos.<\/p>\n<p>Nosso z\u00edper de a\u00e7o inoxid\u00e1vel n\u00e3o s\u00f3 oferece durabilidade excepcional, como tamb\u00e9m adiciona um toque de sofistica\u00e7\u00e3o \u00e0s suas cria\u00e7\u00f5es. O acabamento met\u00e1lico do z\u00edper real\u00e7a a apar\u00eancia geral dos seus designs, conferindo-lhes um visual moderno e elegante.<\/p>\n<p>Seja voc\u00ea um designer de moda, um entusiasta do &quot;fa\u00e7a voc\u00ea mesmo&quot; ou simplesmente esteja procurando substituir um z\u00edper desgastado, nosso z\u00edper de a\u00e7o inoxid\u00e1vel \u00e9 a escolha perfeita. Renove suas roupas e acess\u00f3rios com nosso z\u00edper confi\u00e1vel e estiloso hoje mesmo.<\/p>","protected":false},"excerpt":{"rendered":"<p title=\"Z\u00edper de liga de tit\u00e2nio de alta resist\u00eancia e baixo pre\u00e7o com dentes em Y, cor personalizada, z\u00edper de metal de tit\u00e2nio #5\" data-spm-anchor-id=\"a2700.details.0.i78.5c4e332eU1PdYU\">Z\u00edper para jeans Better Choice 3# 4# Z\u00edper de metal em a\u00e7o inoxid\u00e1vel com dentes em Y e deslizadores de z\u00edper de a\u00e7o inoxid\u00e1vel<\/p>","protected":false},"featured_media":7102,"comment_status":"open","ping_status":"closed","template":"","meta":{"_seopress_robots_primary_cat":"none","_seopress_titles_title":"%%post_title%% %%sitetitle%% %%sep%%","_seopress_titles_desc":"%%post_excerpt%%","_seopress_robots_index":""},"product_brand":[],"product_cat":[33],"product_tag":[187],"class_list":{"0":"post-7101","1":"product","2":"type-product","3":"status-publish","4":"has-post-thumbnail","6":"product_cat-metal-zipper","7":"product_tag-stainless-steel","9":"first","10":"instock","11":"shipping-taxable","12":"product-type-simple"},"_links":{"self":[{"href":"https:\/\/zipper-factory.com\/pt\/wp-json\/wp\/v2\/product\/7101","targetHints":{"allow":["GET"]}}],"collection":[{"href":"https:\/\/zipper-factory.com\/pt\/wp-json\/wp\/v2\/product"}],"about":[{"href":"https:\/\/zipper-factory.com\/pt\/wp-json\/wp\/v2\/types\/product"}],"replies":[{"embeddable":true,"href":"https:\/\/zipper-factory.com\/pt\/wp-json\/wp\/v2\/comments?post=7101"}],"wp:featuredmedia":[{"embeddable":true,"href":"https:\/\/zipper-factory.com\/pt\/wp-json\/wp\/v2\/media\/7102"}],"wp:attachment":[{"href":"https:\/\/zipper-factory.com\/pt\/wp-json\/wp\/v2\/media?parent=7101"}],"wp:term":[{"taxonomy":"product_brand","embeddable":true,"href":"https:\/\/zipper-factory.com\/pt\/wp-json\/wp\/v2\/product_brand?post=7101"},{"taxonomy":"product_cat","embeddable":true,"href":"https:\/\/zipper-factory.com\/pt\/wp-json\/wp\/v2\/product_cat?post=7101"},{"taxonomy":"product_tag","embeddable":true,"href":"https:\/\/zipper-factory.com\/pt\/wp-json\/wp\/v2\/product_tag?post=7101"}],"curies":[{"name":"wp","href":"https:\/\/api.w.org\/{rel}","templated":true}]}}