{"id":7226,"date":"2024-05-22T15:46:34","date_gmt":"2024-05-22T07:46:34","guid":{"rendered":"https:\/\/zipper-factory.com\/?post_type=product&#038;p=7226"},"modified":"2024-05-22T15:52:18","modified_gmt":"2024-05-22T07:52:18","slug":"european-zipper-bottom-stopper","status":"publish","type":"product","link":"https:\/\/zipper-factory.com\/pt\/produto\/european-zipper-bottom-stopper\/","title":{"rendered":"Batente inferior de z\u00edper europeu"},"content":{"rendered":"<h2>Introdu\u00e7\u00e3o aos fechos de z\u00edper europeus<\/h2>\n<p>Os limitadores de z\u00edper europeus desempenham um papel crucial na funcionalidade e durabilidade dos z\u00edperes, servindo como um componente essencial que garante o funcionamento perfeito do z\u00edper. Esses limitadores s\u00e3o elementos pequenos, muitas vezes esquecidos, que impedem que o cursor do z\u00edper se solte da corrente, mantendo assim a integridade de toda a pe\u00e7a ou produto. Sua import\u00e2ncia n\u00e3o pode ser subestimada, pois um limitador de z\u00edper com defeito pode inutilizar o z\u00edper, causando danos e inconvenientes.<\/p>\n<p>O design b\u00e1sico dos limitadores de z\u00edper europeus geralmente inclui uma pe\u00e7a pequena e robusta fixada na extremidade inferior da corrente do z\u00edper. Este pode ser um limitador simples ou duplo, dependendo da aplica\u00e7\u00e3o espec\u00edfica e do tipo de z\u00edper utilizado. Limitadores simples s\u00e3o comuns em aplica\u00e7\u00f5es onde um lado do z\u00edper precisa permanecer fixo, como em jaquetas e bolsas. Limitadores duplos s\u00e3o mais frequentemente usados em aplica\u00e7\u00f5es onde ambos os lados do z\u00edper precisam de refor\u00e7o, proporcionando maior seguran\u00e7a e durabilidade.<\/p>\n<p>Os materiais utilizados na fabrica\u00e7\u00e3o dos fechos de z\u00edper europeus s\u00e3o escolhidos por sua resist\u00eancia, durabilidade e resist\u00eancia ao desgaste. Os materiais comuns incluem ligas met\u00e1licas como lat\u00e3o e a\u00e7o inoxid\u00e1vel, al\u00e9m de pl\u00e1sticos de alta qualidade. Lat\u00e3o e a\u00e7o inoxid\u00e1vel s\u00e3o preferidos por sua resist\u00eancia \u00e0 corros\u00e3o e longevidade, tornando-os ideais para aplica\u00e7\u00f5es pesadas. Pl\u00e1sticos de alta qualidade, por outro lado, oferecem uma alternativa leve e econ\u00f4mica, al\u00e9m de proporcionar durabilidade suficiente para aplica\u00e7\u00f5es menos exigentes.<\/p>\n<p>Os fechos de z\u00edper europeus se diferenciam de seus equivalentes em outras regi\u00f5es por atenderem a rigorosos padr\u00f5es de qualidade e apresentarem caracter\u00edsticas de design exclusivas. Os padr\u00f5es europeus enfatizam a precis\u00e3o e a durabilidade, garantindo que os fechos n\u00e3o apenas atendam, mas frequentemente superem as expectativas da ind\u00fastria. Esse foco em altos padr\u00f5es e design meticuloso diferencia os fechos de z\u00edper europeus, tornando-os a escolha preferida em diversos setores, da moda a equipamentos pesados.<\/p>\n<h2>Aplica\u00e7\u00f5es e benef\u00edcios dos fechos de z\u00edper europeus<\/h2>\n<p>Os fechos de z\u00edper europeus s\u00e3o componentes essenciais em diversos setores, incluindo moda, equipamentos para atividades ao ar livre e malas. Na ind\u00fastria da moda, esses fechos garantem que os z\u00edperes de roupas como jaquetas, vestidos e cal\u00e7as permane\u00e7am seguros, proporcionando apelo est\u00e9tico e confiabilidade funcional. Eles s\u00e3o especialmente cruciais em roupas de alta costura e uso di\u00e1rio, onde a durabilidade do z\u00edper impacta diretamente a longevidade da pe\u00e7a.<\/p>\n<p>No segmento de equipamentos para atividades ao ar livre, as travas de z\u00edper europeias s\u00e3o essenciais para produtos como barracas, sacos de dormir e mochilas. Essas travas aumentam a robustez dos z\u00edperes, garantindo que eles resistam a condi\u00e7\u00f5es clim\u00e1ticas adversas e ao uso rigoroso. Entusiastas e profissionais de atividades ao ar livre confiam na resist\u00eancia e confiabilidade inabal\u00e1veis dessas travas para manter seus equipamentos funcionais e seguros.<\/p>\n<p>A ind\u00fastria de malas tamb\u00e9m se beneficia muito do uso de travas de z\u00edper europeias. Malas, bolsas de viagem e mochilas frequentemente sofrem manuseio inadequado e cargas pesadas. As travas ajudam a evitar falhas nos z\u00edperes, mantendo assim a integridade e a seguran\u00e7a da bagagem. Isso \u00e9 particularmente importante para viajantes frequentes que exigem solu\u00e7\u00f5es de bagagem confi\u00e1veis e resistentes.<\/p>\n<p>Al\u00e9m desses setores espec\u00edficos, os fechos de z\u00edper europeus encontram aplica\u00e7\u00f5es em interiores automotivos, t\u00eaxteis para o lar e at\u00e9 mesmo em dispositivos m\u00e9dicos, demonstrando sua versatilidade e papel essencial em diversas categorias de produtos. Sua capacidade de aumentar a durabilidade e a funcionalidade dos z\u00edperes os torna indispens\u00e1veis em qualquer produto que exija mecanismos de fechamento seguros e confi\u00e1veis.<\/p>\n<p>Os benef\u00edcios do uso de tampas de z\u00edper europeias s\u00e3o m\u00faltiplos. Elas contribuem significativamente para a qualidade geral e a longevidade dos produtos, garantindo que os z\u00edperes n\u00e3o falhem prematuramente. Os fabricantes tamb\u00e9m fizeram avan\u00e7os not\u00e1veis no design e na fabrica\u00e7\u00e3o dessas tampas. Inova\u00e7\u00f5es como maior resist\u00eancia \u00e0 corros\u00e3o, materiais aprimorados e engenharia de precis\u00e3o aprimoraram significativamente seu desempenho e confiabilidade. Esses avan\u00e7os n\u00e3o apenas aumentam a durabilidade das tampas, mas tamb\u00e9m atendem \u00e0s necessidades espec\u00edficas do setor, oferecendo solu\u00e7\u00f5es personalizadas que atendem a rigorosos padr\u00f5es de qualidade.<\/p>\n<p>Em ess\u00eancia, o papel fundamental dos fechos de z\u00edper europeus \u00e9 ineg\u00e1vel. Suas aplica\u00e7\u00f5es em diversos setores e os benef\u00edcios que oferecem em termos de durabilidade, funcionalidade e qualidade geral do produto os tornam um pilar fundamental na fabrica\u00e7\u00e3o de z\u00edperes confi\u00e1veis e de alto desempenho.<\/p>","protected":false},"excerpt":{"rendered":"<p title=\"Marca de escolha de vestu\u00e1rio de alta qualidade para fecho de z\u00edper inferior, fecho de z\u00edper europeu para z\u00edper de metal\" data-spm-anchor-id=\"a2700.details.0.i35.2dc42f1c7ky1hk\">Marca de escolha de vestu\u00e1rio de alta qualidade para fecho de z\u00edper inferior, fecho de z\u00edper europeu para z\u00edper de metal<\/p>","protected":false},"featured_media":7227,"comment_status":"open","ping_status":"closed","template":"","meta":{"_seopress_robots_primary_cat":"none","_seopress_titles_title":"%%post_title%% %%sitetitle%% %%sep%%","_seopress_titles_desc":"%%post_excerpt%%","_seopress_robots_index":""},"product_brand":[],"product_cat":[112],"product_tag":[132],"class_list":{"0":"post-7226","1":"product","2":"type-product","3":"status-publish","4":"has-post-thumbnail","6":"product_cat-zipper-accessories","7":"product_tag-accessories","9":"first","10":"instock","11":"shipping-taxable","12":"product-type-simple"},"_links":{"self":[{"href":"https:\/\/zipper-factory.com\/pt\/wp-json\/wp\/v2\/product\/7226","targetHints":{"allow":["GET"]}}],"collection":[{"href":"https:\/\/zipper-factory.com\/pt\/wp-json\/wp\/v2\/product"}],"about":[{"href":"https:\/\/zipper-factory.com\/pt\/wp-json\/wp\/v2\/types\/product"}],"replies":[{"embeddable":true,"href":"https:\/\/zipper-factory.com\/pt\/wp-json\/wp\/v2\/comments?post=7226"}],"wp:featuredmedia":[{"embeddable":true,"href":"https:\/\/zipper-factory.com\/pt\/wp-json\/wp\/v2\/media\/7227"}],"wp:attachment":[{"href":"https:\/\/zipper-factory.com\/pt\/wp-json\/wp\/v2\/media?parent=7226"}],"wp:term":[{"taxonomy":"product_brand","embeddable":true,"href":"https:\/\/zipper-factory.com\/pt\/wp-json\/wp\/v2\/product_brand?post=7226"},{"taxonomy":"product_cat","embeddable":true,"href":"https:\/\/zipper-factory.com\/pt\/wp-json\/wp\/v2\/product_cat?post=7226"},{"taxonomy":"product_tag","embeddable":true,"href":"https:\/\/zipper-factory.com\/pt\/wp-json\/wp\/v2\/product_tag?post=7226"}],"curies":[{"name":"wp","href":"https:\/\/api.w.org\/{rel}","templated":true}]}}