{"id":7313,"date":"2024-05-24T14:14:51","date_gmt":"2024-05-24T06:14:51","guid":{"rendered":"https:\/\/zipper-factory.com\/?post_type=product&#038;p=7313"},"modified":"2024-05-24T17:18:43","modified_gmt":"2024-05-24T09:18:43","slug":"letter-resin-zipper","status":"publish","type":"product","link":"https:\/\/zipper-factory.com\/pt\/produto\/letter-resin-zipper\/","title":{"rendered":"Z\u00edper de resina com letras"},"content":{"rendered":"<h2>Introdu\u00e7\u00e3o aos z\u00edperes de resina com letras personalizadas de marcas<\/h2>\n<p>Os z\u00edperes de resina com letras personalizadas de marcas famosas representam uma evolu\u00e7\u00e3o significativa no mundo dos fechos, oferecendo uma combina\u00e7\u00e3o de estilo, durabilidade e personaliza\u00e7\u00e3o que os z\u00edperes tradicionais muitas vezes n\u00e3o possuem. Ao contr\u00e1rio de seus equivalentes de metal ou pl\u00e1stico, os z\u00edperes de resina s\u00e3o fabricados em poliuretano de alta qualidade, que proporciona uma combina\u00e7\u00e3o \u00fanica de flexibilidade e resist\u00eancia. Isso os torna excepcionalmente adequados para uma variedade de aplica\u00e7\u00f5es, desde moda de luxo a artigos esportivos e artigos de luxo.<\/p>\n<p>As op\u00e7\u00f5es de personaliza\u00e7\u00e3o para z\u00edperes de resina s\u00e3o praticamente ilimitadas. As marcas podem incorporar seus logotipos, fontes espec\u00edficas ou at\u00e9 mesmo s\u00edmbolos exclusivos diretamente nos puxadores e fitas dos z\u00edperes, garantindo um visual distinto e coeso que aprimora a identidade da marca. Essas personaliza\u00e7\u00f5es n\u00e3o s\u00e3o meramente est\u00e9ticas; elas tamb\u00e9m atendem a prop\u00f3sitos funcionais, como melhorar a ader\u00eancia e a facilidade de uso. O material de resina permite designs detalhados e complexos que seriam dif\u00edceis de obter com z\u00edperes de metal ou pl\u00e1stico.<\/p>\n<p>A hist\u00f3ria dos z\u00edperes remonta ao final do s\u00e9culo XIX, com a inven\u00e7\u00e3o do &quot;fecho de correr&quot;, que evoluiu para o z\u00edper moderno que conhecemos hoje. Ao longo das d\u00e9cadas, os z\u00edperes passaram por transforma\u00e7\u00f5es significativas, com inova\u00e7\u00f5es em materiais e design impulsionando sua ampla ado\u00e7\u00e3o em diversos setores. A ascens\u00e3o dos z\u00edperes personalizados reflete uma tend\u00eancia mais ampla de personaliza\u00e7\u00e3o e branding na ind\u00fastria da moda, onde fechos exclusivos e de alta qualidade podem diferenciar um produto da concorr\u00eancia.<\/p>\n<p>No universo da moda de alta costura, z\u00edperes de resina com letras personalizadas de marcas s\u00e3o particularmente populares. Eles oferecem aos designers a possibilidade de criar cole\u00e7\u00f5es coesas e personalizadas que ressoam com os consumidores. Da mesma forma, em artigos esportivos, esses z\u00edperes oferecem durabilidade e funcionalidade, permitindo que as marcas mantenham uma forte identidade visual. Fabricantes de artigos de luxo tamb\u00e9m preferem z\u00edperes de resina por sua apar\u00eancia e toque premium, que se alinham aos altos padr\u00f5es de seus produtos.<\/p>\n<p>No geral, z\u00edperes de resina com letras personalizadas de marcas s\u00e3o uma adi\u00e7\u00e3o vers\u00e1til e valiosa a qualquer linha de produtos, oferecendo uma combina\u00e7\u00e3o \u00fanica de est\u00e9tica, funcionalidade e refor\u00e7o da marca. \u00c0 medida que a demanda por produtos personalizados e de alta qualidade continua a crescer, esses z\u00edperes inovadores est\u00e3o prestes a desempenhar um papel cada vez mais importante em diversos setores.<\/p>\n<h2>Processo de Design e Produ\u00e7\u00e3o<\/h2>\n<p>A jornada de cria\u00e7\u00e3o de z\u00edperes de resina personalizados com letras da marca come\u00e7a na fase de conceito, onde designers e marcas colaboram para fazer brainstormings e esbo\u00e7ar suas ideias iniciais. Essa etapa criativa \u00e9 crucial, pois define os atributos est\u00e9ticos e funcionais dos z\u00edperes. Os designers frequentemente se inspiram na identidade da marca e nas tend\u00eancias de mercado, garantindo que o produto final se alinhe perfeitamente com a imagem geral da marca. Esses esbo\u00e7os preliminares servem como um modelo, guiando as etapas subsequentes de desenvolvimento.<\/p>\n<p>Uma vez consolidados os conceitos iniciais, as ideias s\u00e3o transformadas em designs digitais. Ferramentas avan\u00e7adas de software permitem que os designers criem representa\u00e7\u00f5es detalhadas e precisas dos z\u00edperes personalizados. Esses prot\u00f3tipos digitais permitem an\u00e1lises e modifica\u00e7\u00f5es completas antes de avan\u00e7ar para a produ\u00e7\u00e3o f\u00edsica. Essa etapa \u00e9 essencial para garantir que todos os aspectos do z\u00edper, desde o formato e o tamanho at\u00e9 o posicionamento dos nomes e letras da marca, atendam \u00e0s especifica\u00e7\u00f5es desejadas.<\/p>\n<p>O processo de fabrica\u00e7\u00e3o come\u00e7a com a sele\u00e7\u00e3o de materiais de resina de alta qualidade. A resina \u00e9 favorecida por sua durabilidade, versatilidade e capacidade de ser moldada em formas e designs complexos. A resina \u00e9 ent\u00e3o submetida a t\u00e9cnicas de moldagem e fundi\u00e7\u00e3o, onde \u00e9 moldada no formato desejado. Esta etapa exige precis\u00e3o e expertise para garantir que cada componente do z\u00edper seja fabricado com perfei\u00e7\u00e3o. Os detalhes complexos, como a adi\u00e7\u00e3o de nomes de marcas e letras, s\u00e3o meticulosamente executados para alcan\u00e7ar um visual elegante e profissional.<\/p>\n<p>Medidas de controle de qualidade s\u00e3o um aspecto cr\u00edtico do processo de produ\u00e7\u00e3o. Cada z\u00edper de resina com letras personalizadas da marca passa por rigorosos testes para garantir sua durabilidade e funcionalidade. Esses testes avaliam a resist\u00eancia do z\u00edper, suavidade de opera\u00e7\u00e3o e resist\u00eancia ao desgaste. Os fabricantes tamb\u00e9m est\u00e3o adotando cada vez mais pr\u00e1ticas de sustentabilidade, como o uso de materiais ecologicamente corretos e a implementa\u00e7\u00e3o de m\u00e9todos de produ\u00e7\u00e3o com efici\u00eancia energ\u00e9tica, para minimizar o impacto ambiental.<\/p>\n<p>Ao combinar criatividade, tecnologia e precis\u00e3o, o design e a produ\u00e7\u00e3o de z\u00edperes de resina com letras de marca personalizadas resultam em produtos personalizados e de alta qualidade que aprimoram a identidade da marca e atendem \u00e0s demandas dos consumidores modernos.<\/p>","protected":false},"excerpt":{"rendered":"<p title=\"Z\u00edper de pl\u00e1stico com nome de marca personalizado e letras de dentes dispon\u00edveis para OEM para jaqueta\" data-spm-anchor-id=\"a2700.details.0.i35.43dc64d5lLvWWv\">Z\u00edper de pl\u00e1stico com nome de marca personalizado e letras de dentes dispon\u00edveis para OEM para jaqueta<\/p>","protected":false},"featured_media":7317,"comment_status":"open","ping_status":"closed","template":"","meta":{"_seopress_robots_primary_cat":"none","_seopress_titles_title":"%%post_title%% %%sitetitle%% %%sep%%","_seopress_titles_desc":"%%post_excerpt%%","_seopress_robots_index":"","_seopress_analysis_target_kw":""},"product_brand":[],"product_cat":[50],"product_tag":[],"class_list":{"0":"post-7313","1":"product","2":"type-product","3":"status-publish","4":"has-post-thumbnail","6":"product_cat-resin-zipper","8":"first","9":"instock","10":"shipping-taxable","11":"product-type-simple"},"_links":{"self":[{"href":"https:\/\/zipper-factory.com\/pt\/wp-json\/wp\/v2\/product\/7313","targetHints":{"allow":["GET"]}}],"collection":[{"href":"https:\/\/zipper-factory.com\/pt\/wp-json\/wp\/v2\/product"}],"about":[{"href":"https:\/\/zipper-factory.com\/pt\/wp-json\/wp\/v2\/types\/product"}],"replies":[{"embeddable":true,"href":"https:\/\/zipper-factory.com\/pt\/wp-json\/wp\/v2\/comments?post=7313"}],"wp:featuredmedia":[{"embeddable":true,"href":"https:\/\/zipper-factory.com\/pt\/wp-json\/wp\/v2\/media\/7317"}],"wp:attachment":[{"href":"https:\/\/zipper-factory.com\/pt\/wp-json\/wp\/v2\/media?parent=7313"}],"wp:term":[{"taxonomy":"product_brand","embeddable":true,"href":"https:\/\/zipper-factory.com\/pt\/wp-json\/wp\/v2\/product_brand?post=7313"},{"taxonomy":"product_cat","embeddable":true,"href":"https:\/\/zipper-factory.com\/pt\/wp-json\/wp\/v2\/product_cat?post=7313"},{"taxonomy":"product_tag","embeddable":true,"href":"https:\/\/zipper-factory.com\/pt\/wp-json\/wp\/v2\/product_tag?post=7313"}],"curies":[{"name":"wp","href":"https:\/\/api.w.org\/{rel}","templated":true}]}}