{"id":7629,"date":"2024-07-08T16:56:44","date_gmt":"2024-07-08T08:56:44","guid":{"rendered":"https:\/\/zipper-factory.com\/?post_type=product&#038;p=7629"},"modified":"2024-07-08T17:03:08","modified_gmt":"2024-07-08T09:03:08","slug":"diamond-zipper","status":"publish","type":"product","link":"https:\/\/zipper-factory.com\/pt\/produto\/diamond-zipper\/","title":{"rendered":"Z\u00edper de diamante"},"content":{"rendered":"<h2>Introdu\u00e7\u00e3o aos z\u00edperes de diamante<\/h2>\n<p>No universo da moda e do luxo, o z\u00edper diamante se destaca como uma combina\u00e7\u00e3o \u00fanica de funcionalidade e opul\u00eancia. Projetados para aprimorar tanto a est\u00e9tica quanto a praticidade das roupas, os z\u00edperes diamante est\u00e3o se tornando cada vez mais uma marca registrada da moda de alta costura. Esta descri\u00e7\u00e3o do produto explora as diversas caracter\u00edsticas e benef\u00edcios de incorporar um z\u00edper diamante ao seu guarda-roupa.<\/p>\n<h2>Artesanato requintado<\/h2>\n<p>Os z\u00edperes de diamante s\u00e3o fabricados com meticulosa aten\u00e7\u00e3o aos detalhes, garantindo que cada pe\u00e7a exale uma eleg\u00e2ncia incompar\u00e1vel. Os dentes e cursores do z\u00edper s\u00e3o frequentemente adornados com diamantes, cuidadosamente cravejados para maximizar seu brilho. Esse trabalho artesanal intrincado n\u00e3o s\u00f3 adiciona um toque de luxo, como tamb\u00e9m garante a durabilidade e a longevidade do z\u00edper.<\/p>\n<h2>Versatilidade na aplica\u00e7\u00e3o<\/h2>\n<p>Uma das caracter\u00edsticas mais atraentes do z\u00edper diamante \u00e9 sua versatilidade. Ele pode ser perfeitamente integrado a uma variedade de pe\u00e7as, desde vestidos de noite e trajes de noiva at\u00e9 jaquetas e acess\u00f3rios de alta costura. O z\u00edper diamante n\u00e3o s\u00f3 real\u00e7a o apelo visual dessas pe\u00e7as, como tamb\u00e9m oferece um fechamento funcional, confi\u00e1vel e elegante.<\/p>\n<h2>Investimento em Luxo<\/h2>\n<p>Comprar uma pe\u00e7a com z\u00edper de diamante \u00e9 mais do que uma simples declara\u00e7\u00e3o de moda; \u00e9 um investimento em luxo. O uso de diamantes genu\u00ednos eleva o valor da pe\u00e7a, tornando-a uma pe\u00e7a preciosa para qualquer guarda-roupa. Al\u00e9m disso, o apelo atemporal dos diamantes garante que pe\u00e7as com z\u00edperes de diamante permane\u00e7am elegantes e relevantes por muitos anos.<\/p>\n<h2>Conclus\u00e3o<\/h2>\n<p>Em suma, o z\u00edper diamante representa a fus\u00e3o perfeita de luxo e praticidade. Seu acabamento primoroso, aplica\u00e7\u00e3o vers\u00e1til e valor de investimento o tornam a escolha ideal para quem busca elevar seu visual fashion. Seja voc\u00ea um designer que busca adicionar um toque de opul\u00eancia \u00e0 sua cole\u00e7\u00e3o ou um consumidor em busca de pe\u00e7as de moda exclusivas, o z\u00edper diamante \u00e9 uma escolha diferenciada que nunca sai de moda.<\/p>","protected":false},"excerpt":{"rendered":"<p title=\"Z\u00edper de resina com strass 3# 5# 8# para roupas com dentes de diamante\" data-spm-anchor-id=\"a2700.details.0.i0.512b2985nCp0AW\">Z\u00edper de resina com strass 3# 5# 8# para roupas com dentes de diamante<\/p>","protected":false},"featured_media":7631,"comment_status":"open","ping_status":"closed","template":"","meta":{"_seopress_robots_primary_cat":"none","_seopress_titles_title":"%%post_title%% %%sitetitle%% %%sep%%","_seopress_titles_desc":"%%post_excerpt%%","_seopress_robots_index":"","_seopress_analysis_target_kw":""},"product_brand":[],"product_cat":[50,164],"product_tag":[199],"class_list":{"0":"post-7629","1":"product","2":"type-product","3":"status-publish","4":"has-post-thumbnail","6":"product_cat-resin-zipper","7":"product_cat-special-zipper","8":"product_tag-diamond","10":"first","11":"instock","12":"shipping-taxable","13":"product-type-simple"},"_links":{"self":[{"href":"https:\/\/zipper-factory.com\/pt\/wp-json\/wp\/v2\/product\/7629","targetHints":{"allow":["GET"]}}],"collection":[{"href":"https:\/\/zipper-factory.com\/pt\/wp-json\/wp\/v2\/product"}],"about":[{"href":"https:\/\/zipper-factory.com\/pt\/wp-json\/wp\/v2\/types\/product"}],"replies":[{"embeddable":true,"href":"https:\/\/zipper-factory.com\/pt\/wp-json\/wp\/v2\/comments?post=7629"}],"wp:featuredmedia":[{"embeddable":true,"href":"https:\/\/zipper-factory.com\/pt\/wp-json\/wp\/v2\/media\/7631"}],"wp:attachment":[{"href":"https:\/\/zipper-factory.com\/pt\/wp-json\/wp\/v2\/media?parent=7629"}],"wp:term":[{"taxonomy":"product_brand","embeddable":true,"href":"https:\/\/zipper-factory.com\/pt\/wp-json\/wp\/v2\/product_brand?post=7629"},{"taxonomy":"product_cat","embeddable":true,"href":"https:\/\/zipper-factory.com\/pt\/wp-json\/wp\/v2\/product_cat?post=7629"},{"taxonomy":"product_tag","embeddable":true,"href":"https:\/\/zipper-factory.com\/pt\/wp-json\/wp\/v2\/product_tag?post=7629"}],"curies":[{"name":"wp","href":"https:\/\/api.w.org\/{rel}","templated":true}]}}