{"id":7908,"date":"2025-03-14T15:17:42","date_gmt":"2025-03-14T07:17:42","guid":{"rendered":"https:\/\/zipper-factory.com\/?post_type=product&#038;p=7908"},"modified":"2025-03-14T15:21:17","modified_gmt":"2025-03-14T07:21:17","slug":"nylon-zipper-pin-and-box","status":"publish","type":"product","link":"https:\/\/zipper-factory.com\/pt\/produto\/nylon-zipper-pin-and-box\/","title":{"rendered":"Alfinete de z\u00edper de nylon e caixa"},"content":{"rendered":"<p>Apresentamos o Alfinete de Nylon com Caixa para Z\u00edper, um acess\u00f3rio indispens\u00e1vel para todos os entusiastas e artes\u00e3os de costura. Este produto vers\u00e1til possui um z\u00edper de nylon resistente que prende seus itens com seguran\u00e7a, garantindo que fiquem organizados e de f\u00e1cil acesso. A caixa que acompanha o produto \u00e9 perfeita para guardar alfinetes, bot\u00f5es e outros itens pequenos, evitando a desordem no seu espa\u00e7o de trabalho. Seu design compacto permite f\u00e1cil transporte, tornando-o ideal tanto para uso dom\u00e9stico quanto para projetos em movimento. Seja voc\u00ea um alfaiate profissional ou um amador, o Alfinete de Nylon com Caixa para Z\u00edper manter\u00e1 seus itens essenciais organizados e seu espa\u00e7o criativo organizado.<\/p>","protected":false},"excerpt":{"rendered":"<p title=\"V\u00e1rios tamanhos 3# 5# 8# 10# Pin e caixa de metal Z\u00edper de extremidade aberta Acess\u00f3rios para z\u00edper Deslizador de z\u00edper Rolha de metal Acess\u00f3rios para z\u00edperes\" data-spm-anchor-id=\"a2700.details.0.i36.740f5fc4MWueqZ\">V\u00e1rios tamanhos 3# 5# 8# 10# Pin e caixa de z\u00edper de nylon com z\u00edper de extremidade aberta Acess\u00f3rios para z\u00edper deslizante com trava de z\u00edper de nylon Acess\u00f3rios para z\u00edperes<\/p>","protected":false},"featured_media":7911,"comment_status":"open","ping_status":"closed","template":"","meta":{"_seopress_robots_primary_cat":"none","_seopress_titles_title":"%%post_title%% %%sitetitle%% %%sep%%","_seopress_titles_desc":"%%post_excerpt%%","_seopress_robots_index":"","_seopress_analysis_target_kw":""},"product_brand":[],"product_cat":[112],"product_tag":[132],"class_list":{"0":"post-7908","1":"product","2":"type-product","3":"status-publish","4":"has-post-thumbnail","6":"product_cat-zipper-accessories","7":"product_tag-accessories","9":"first","10":"instock","11":"shipping-taxable","12":"product-type-simple"},"_links":{"self":[{"href":"https:\/\/zipper-factory.com\/pt\/wp-json\/wp\/v2\/product\/7908","targetHints":{"allow":["GET"]}}],"collection":[{"href":"https:\/\/zipper-factory.com\/pt\/wp-json\/wp\/v2\/product"}],"about":[{"href":"https:\/\/zipper-factory.com\/pt\/wp-json\/wp\/v2\/types\/product"}],"replies":[{"embeddable":true,"href":"https:\/\/zipper-factory.com\/pt\/wp-json\/wp\/v2\/comments?post=7908"}],"wp:featuredmedia":[{"embeddable":true,"href":"https:\/\/zipper-factory.com\/pt\/wp-json\/wp\/v2\/media\/7911"}],"wp:attachment":[{"href":"https:\/\/zipper-factory.com\/pt\/wp-json\/wp\/v2\/media?parent=7908"}],"wp:term":[{"taxonomy":"product_brand","embeddable":true,"href":"https:\/\/zipper-factory.com\/pt\/wp-json\/wp\/v2\/product_brand?post=7908"},{"taxonomy":"product_cat","embeddable":true,"href":"https:\/\/zipper-factory.com\/pt\/wp-json\/wp\/v2\/product_cat?post=7908"},{"taxonomy":"product_tag","embeddable":true,"href":"https:\/\/zipper-factory.com\/pt\/wp-json\/wp\/v2\/product_tag?post=7908"}],"curies":[{"name":"wp","href":"https:\/\/api.w.org\/{rel}","templated":true}]}}